{"id":99,"date":"2018-03-22T18:57:28","date_gmt":"2018-03-22T17:57:28","guid":{"rendered":"http:\/\/arp83.fr\/?page_id=99"},"modified":"2023-07-18T11:16:19","modified_gmt":"2023-07-18T09:16:19","slug":"presentation","status":"publish","type":"page","link":"https:\/\/arp83.fr\/?page_id=99","title":{"rendered":"Pr\u00e9sentation&#8230;"},"content":{"rendered":"<h3><strong><span style=\"color: #000000;\">Depuis mon premier Dobson construit en\u00a0 1997, j&rsquo;ai construit de nombreux instruments que j&rsquo;ai utilis\u00e9s en pose fixe depuis mon jardin pour observer ou pour pratiquer l&rsquo;astrophotographie.<\/span><\/strong><\/h3>\n<h3><strong><span style=\"color: #000000;\">Gr\u00e2ce \u00e0 l&rsquo;exp\u00e9rience acquise, je propose depuis f\u00e9vrier 2018, tout type de conception et fabrication d&rsquo;instruments d&rsquo;optiques et accessoires :<\/span><\/strong><\/h3>\n<h3><strong><span style=\"color: #000000;\"> T\u00e9lescope Newton, Cassegrain, DK, RC, Dobson, serrurier acier\/carbone, barillet, araign\u00e9e, colonne acier pour monture, lunette APO\/Achro&#8230;<\/span><\/strong><\/h3>\n<h3><strong><span style=\"color: #000000;\">Vous pourrez voir dans les rubriques \u00ab\u00a0R\u00e9alisations\u00a0\u00bb et \u00ab\u00a0Galerie\u00a0\u00bb des exemples d&rsquo;instruments et des images r\u00e9alis\u00e9es avec mes t\u00e9lescopes.<\/span><\/strong><\/h3>\n<h3 style=\"text-align: center;\"><strong>Mon tout premier dobson r\u00e9alis\u00e9 dans les ann\u00e9es 90 !<br \/><\/strong><\/h3>\n<p><img fetchpriority=\"high\" decoding=\"async\" class=\"aligncenter size-full wp-image-1111\" src=\"https:\/\/arp83.fr\/wp-content\/uploads\/2022\/05\/dobson.jpg\" alt=\"\" width=\"528\" height=\"377\" srcset=\"https:\/\/arp83.fr\/wp-content\/uploads\/2022\/05\/dobson.jpg 528w, https:\/\/arp83.fr\/wp-content\/uploads\/2022\/05\/dobson-300x214.jpg 300w\" sizes=\"(max-width: 528px) 100vw, 528px\" \/><\/p>\n<p>\u00a0<\/p>\n<h3 style=\"text-align: center;\"><strong>Travail \u00e0 l&rsquo;atelier<\/strong><\/h3>\n<p><img decoding=\"async\" class=\"size-full wp-image-381 aligncenter\" src=\"http:\/\/arp83.fr\/wp-content\/uploads\/2019\/02\/IMG_20181226_171944.jpg\" alt=\"\" width=\"1000\" height=\"457\" srcset=\"https:\/\/arp83.fr\/wp-content\/uploads\/2019\/02\/IMG_20181226_171944.jpg 1000w, https:\/\/arp83.fr\/wp-content\/uploads\/2019\/02\/IMG_20181226_171944-300x137.jpg 300w, https:\/\/arp83.fr\/wp-content\/uploads\/2019\/02\/IMG_20181226_171944-768x351.jpg 768w\" sizes=\"(max-width: 1000px) 100vw, 1000px\" \/><\/p>\n<p><img decoding=\"async\" class=\"aligncenter size-full wp-image-382\" src=\"http:\/\/arp83.fr\/wp-content\/uploads\/2019\/02\/IMG_20190202_120119.jpg\" alt=\"\" width=\"1000\" height=\"681\" srcset=\"https:\/\/arp83.fr\/wp-content\/uploads\/2019\/02\/IMG_20190202_120119.jpg 1000w, https:\/\/arp83.fr\/wp-content\/uploads\/2019\/02\/IMG_20190202_120119-300x204.jpg 300w, https:\/\/arp83.fr\/wp-content\/uploads\/2019\/02\/IMG_20190202_120119-768x523.jpg 768w\" sizes=\"(max-width: 1000px) 100vw, 1000px\" \/><\/p>\n\n<div class=\"wp-block-image\">\n<figure class=\"aligncenter\"><img loading=\"lazy\" decoding=\"async\" width=\"1000\" height=\"772\" src=\"http:\/\/arp83.fr\/wp-content\/uploads\/2019\/07\/IMG_20190627_203613.jpg\" alt=\"\" class=\"wp-image-421\" srcset=\"https:\/\/arp83.fr\/wp-content\/uploads\/2019\/07\/IMG_20190627_203613.jpg 1000w, https:\/\/arp83.fr\/wp-content\/uploads\/2019\/07\/IMG_20190627_203613-300x232.jpg 300w, https:\/\/arp83.fr\/wp-content\/uploads\/2019\/07\/IMG_20190627_203613-768x593.jpg 768w\" sizes=\"(max-width: 1000px) 100vw, 1000px\" \/><\/figure>\n<\/div>\n\n\n<h3 class=\"wp-block-heading has-text-align-center\"><strong>Article de presse paru dans Var Matin en avril 2021<\/strong><\/h3>\n\n\n\n<figure class=\"wp-block-gallery aligncenter has-nested-images columns-default is-cropped wp-block-gallery-1 is-layout-flex wp-block-gallery-is-layout-flex\">\n<figure class=\"wp-block-image size-full\"><img loading=\"lazy\" decoding=\"async\" width=\"1500\" height=\"1813\" data-id=\"857\" src=\"https:\/\/arp83.fr\/wp-content\/uploads\/2021\/04\/Var-Matin-11042021.jpg\" alt=\"\" class=\"wp-image-857\" srcset=\"https:\/\/arp83.fr\/wp-content\/uploads\/2021\/04\/Var-Matin-11042021.jpg 1500w, https:\/\/arp83.fr\/wp-content\/uploads\/2021\/04\/Var-Matin-11042021-248x300.jpg 248w, https:\/\/arp83.fr\/wp-content\/uploads\/2021\/04\/Var-Matin-11042021-847x1024.jpg 847w, https:\/\/arp83.fr\/wp-content\/uploads\/2021\/04\/Var-Matin-11042021-768x928.jpg 768w, https:\/\/arp83.fr\/wp-content\/uploads\/2021\/04\/Var-Matin-11042021-1271x1536.jpg 1271w\" sizes=\"(max-width: 1500px) 100vw, 1500px\" \/><\/figure>\n<\/figure>\n\n\n\n<p><\/p>\n<div id=\"themify_builder_content-99\" data-postid=\"99\" class=\"themify_builder_content themify_builder_content-99 themify_builder\">\n\n    <\/div>\n<!-- \/themify_builder_content -->","protected":false},"excerpt":{"rendered":"<p>Depuis mon premier Dobson construit en\u00a0 1997, j&rsquo;ai construit de nombreux instruments que j&rsquo;ai utilis\u00e9s en pose fixe depuis mon jardin pour observer ou pour pratiquer l&rsquo;astrophotographie. Gr\u00e2ce \u00e0 l&rsquo;exp\u00e9rience acquise, je propose depuis f\u00e9vrier 2018, tout type de conception et fabrication d&rsquo;instruments d&rsquo;optiques et accessoires : T\u00e9lescope Newton, Cassegrain, DK, RC, Dobson, serrurier acier\/carbone, [&hellip;]<\/p>\n","protected":false},"author":1,"featured_media":0,"parent":0,"menu_order":0,"comment_status":"closed","ping_status":"closed","template":"","meta":{"footnotes":""},"class_list":["post-99","page","type-page","status-publish","hentry","has-post-title","has-post-date","has-post-category","has-post-tag","has-post-comment","has-post-author",""],"_links":{"self":[{"href":"https:\/\/arp83.fr\/index.php?rest_route=\/wp\/v2\/pages\/99","targetHints":{"allow":["GET"]}}],"collection":[{"href":"https:\/\/arp83.fr\/index.php?rest_route=\/wp\/v2\/pages"}],"about":[{"href":"https:\/\/arp83.fr\/index.php?rest_route=\/wp\/v2\/types\/page"}],"author":[{"embeddable":true,"href":"https:\/\/arp83.fr\/index.php?rest_route=\/wp\/v2\/users\/1"}],"replies":[{"embeddable":true,"href":"https:\/\/arp83.fr\/index.php?rest_route=%2Fwp%2Fv2%2Fcomments&post=99"}],"version-history":[{"count":32,"href":"https:\/\/arp83.fr\/index.php?rest_route=\/wp\/v2\/pages\/99\/revisions"}],"predecessor-version":[{"id":1524,"href":"https:\/\/arp83.fr\/index.php?rest_route=\/wp\/v2\/pages\/99\/revisions\/1524"}],"wp:attachment":[{"href":"https:\/\/arp83.fr\/index.php?rest_route=%2Fwp%2Fv2%2Fmedia&parent=99"}],"curies":[{"name":"wp","href":"https:\/\/api.w.org\/{rel}","templated":true}]}}