{"id":560,"date":"2020-05-26T13:18:30","date_gmt":"2020-05-26T11:18:30","guid":{"rendered":"http:\/\/arp83.fr\/?page_id=560"},"modified":"2022-12-28T09:25:47","modified_gmt":"2022-12-28T08:25:47","slug":"cassegrain-515-mm-fd-8","status":"publish","type":"page","link":"https:\/\/arp83.fr\/?page_id=560","title":{"rendered":"Cassegrain 515 mm"},"content":{"rendered":"\n<h3 class=\"has-text-align-center wp-block-heading\"><strong>Ce Cassegrain 515 mm FD8 est un exemple de demi serrurier que je peux r\u00e9aliser pour tout diam\u00e8tre.<\/strong><\/h3>\n\n\n<div class=\"wp-block-image\">\n<figure class=\"aligncenter size-large is-resized\"><img fetchpriority=\"high\" decoding=\"async\" src=\"http:\/\/arp83.fr\/wp-content\/uploads\/2020\/05\/cassegrain-524FD8_site-1024x552.jpg\" alt=\"\" class=\"wp-image-563\" width=\"1024\" height=\"552\" srcset=\"https:\/\/arp83.fr\/wp-content\/uploads\/2020\/05\/cassegrain-524FD8_site-1024x552.jpg 1024w, https:\/\/arp83.fr\/wp-content\/uploads\/2020\/05\/cassegrain-524FD8_site-300x162.jpg 300w, https:\/\/arp83.fr\/wp-content\/uploads\/2020\/05\/cassegrain-524FD8_site-768x414.jpg 768w, https:\/\/arp83.fr\/wp-content\/uploads\/2020\/05\/cassegrain-524FD8_site.jpg 1197w\" sizes=\"(max-width: 1024px) 100vw, 1024px\" \/><\/figure>\n<\/div>\n\n\n<h3 class=\"has-text-align-center wp-block-heading\"><strong> Ce t\u00e9lescope est polyvalent visuel\/plan\u00e9taire\/ciel profond avec le correcteur ASA 4&Prime;. Il est une alternative aux RC ou CDK de m\u00eame diam\u00e8tre mais aura une obstruction plus faible en utilisation plan\u00e9taire.<\/strong> <\/h3>\n\n\n\n<h3 class=\"has-text-align-center wp-block-heading\"><strong>Gr\u00e2ce \u00e0 un syst\u00e8me de baffle et diaphragme amovibles, l&rsquo;obstruction est de 0,37 en configuration astrophoto ciel profond avec un champ de pleine lumi\u00e8re de 40 mm et l&rsquo;obstruction est de 0.30 en visuel\/imagerie plan\u00e9taire.<\/strong><\/h3>\n\n\n\n<h3 class=\"has-text-align-center wp-block-heading\"><strong>Voici les optiques et les pi\u00e8ces en cours de fabrication.<\/strong><\/h3>\n\n\n\n<h3 class=\"has-text-align-center wp-block-heading\"><strong>Primaire 515 mm en Astro-Sital, 90 mm d&rsquo;\u00e9paisseur, poids 42Kg<\/strong><\/h3>\n\n\n<div class=\"wp-block-image\">\n<figure class=\"aligncenter size-large is-resized\"><img decoding=\"async\" src=\"http:\/\/arp83.fr\/wp-content\/uploads\/2020\/05\/2-primaire-1024x717.jpg\" alt=\"\" class=\"wp-image-561\" width=\"1024\" height=\"717\" srcset=\"https:\/\/arp83.fr\/wp-content\/uploads\/2020\/05\/2-primaire-1024x717.jpg 1024w, https:\/\/arp83.fr\/wp-content\/uploads\/2020\/05\/2-primaire-300x210.jpg 300w, https:\/\/arp83.fr\/wp-content\/uploads\/2020\/05\/2-primaire-768x538.jpg 768w, https:\/\/arp83.fr\/wp-content\/uploads\/2020\/05\/2-primaire.jpg 1100w\" sizes=\"(max-width: 1024px) 100vw, 1024px\" \/><\/figure>\n<\/div>\n\n\n<h3 class=\"has-text-align-center wp-block-heading\"><strong>Miroir secondaire 159 mm de diam\u00e8tre, \u00e9paisseur 30 mm.<\/strong><\/h3>\n\n\n<div class=\"wp-block-image\">\n<figure class=\"aligncenter size-large is-resized\"><img decoding=\"async\" src=\"http:\/\/arp83.fr\/wp-content\/uploads\/2020\/05\/1-secondaire-1024x782.jpg\" alt=\"\" class=\"wp-image-562\" width=\"1024\" height=\"782\" srcset=\"https:\/\/arp83.fr\/wp-content\/uploads\/2020\/05\/1-secondaire-1024x782.jpg 1024w, https:\/\/arp83.fr\/wp-content\/uploads\/2020\/05\/1-secondaire-300x229.jpg 300w, https:\/\/arp83.fr\/wp-content\/uploads\/2020\/05\/1-secondaire-768x586.jpg 768w, https:\/\/arp83.fr\/wp-content\/uploads\/2020\/05\/1-secondaire.jpg 1100w\" sizes=\"(max-width: 1024px) 100vw, 1024px\" \/><\/figure>\n<\/div>\n\n\n<h3 class=\"has-text-align-center wp-block-heading\"><strong>Correcteur de champ ASA 4&Prime;<\/strong><\/h3>\n\n\n<div class=\"wp-block-image\">\n<figure class=\"aligncenter size-large is-resized\"><img loading=\"lazy\" decoding=\"async\" src=\"http:\/\/arp83.fr\/wp-content\/uploads\/2020\/05\/IMG_20200108_155224.jpg\" alt=\"\" class=\"wp-image-608\" width=\"900\" height=\"553\" srcset=\"https:\/\/arp83.fr\/wp-content\/uploads\/2020\/05\/IMG_20200108_155224.jpg 900w, https:\/\/arp83.fr\/wp-content\/uploads\/2020\/05\/IMG_20200108_155224-300x184.jpg 300w, https:\/\/arp83.fr\/wp-content\/uploads\/2020\/05\/IMG_20200108_155224-768x472.jpg 768w\" sizes=\"(max-width: 900px) 100vw, 900px\" \/><\/figure>\n<\/div>\n\n\n<h2 class=\"wp-block-heading\"> <\/h2>\n\n\n<div class=\"wp-block-image\">\n<figure class=\"aligncenter size-large is-resized\"><img loading=\"lazy\" decoding=\"async\" src=\"http:\/\/arp83.fr\/wp-content\/uploads\/2020\/05\/IMG_20200108_155244-2.jpg\" alt=\"\" class=\"wp-image-611\" width=\"900\" height=\"971\" srcset=\"https:\/\/arp83.fr\/wp-content\/uploads\/2020\/05\/IMG_20200108_155244-2.jpg 900w, https:\/\/arp83.fr\/wp-content\/uploads\/2020\/05\/IMG_20200108_155244-2-278x300.jpg 278w, https:\/\/arp83.fr\/wp-content\/uploads\/2020\/05\/IMG_20200108_155244-2-768x829.jpg 768w\" sizes=\"(max-width: 900px) 100vw, 900px\" \/><\/figure>\n<\/div>\n\n\n<h3 class=\"has-text-align-center wp-block-heading\"><strong>\u00ab\u00a0Spot diagram\u00a0\u00bb \u00e9tudi\u00e9 par ASA :<\/strong><\/h3>\n\n\n<div class=\"wp-block-image\">\n<figure class=\"aligncenter size-large is-resized\"><img loading=\"lazy\" decoding=\"async\" src=\"http:\/\/arp83.fr\/wp-content\/uploads\/2020\/05\/ASA.jpg\" alt=\"\" class=\"wp-image-616\" width=\"852\" height=\"655\" srcset=\"https:\/\/arp83.fr\/wp-content\/uploads\/2020\/05\/ASA.jpg 852w, https:\/\/arp83.fr\/wp-content\/uploads\/2020\/05\/ASA-300x231.jpg 300w, https:\/\/arp83.fr\/wp-content\/uploads\/2020\/05\/ASA-768x590.jpg 768w\" sizes=\"(max-width: 852px) 100vw, 852px\" \/><\/figure>\n<\/div>\n\n\n<h3 class=\"has-text-align-center wp-block-heading\"><strong>Porte oculaire Astrophysics 4&Prime; et divers raccords photo et visuel en cours d&rsquo;usinage :<\/strong><\/h3>\n\n\n<div class=\"wp-block-image\">\n<figure class=\"aligncenter size-large is-resized\"><img loading=\"lazy\" decoding=\"async\" src=\"http:\/\/arp83.fr\/wp-content\/uploads\/2020\/05\/IMG_20200508_132820-1-895x1024.jpg\" alt=\"\" class=\"wp-image-620\" width=\"1100\" height=\"1024\"\/><\/figure>\n<\/div>\n\n\n<h2 class=\"wp-block-heading\"> <\/h2>\n\n\n<div class=\"wp-block-image\">\n<figure class=\"aligncenter size-large is-resized\"><img loading=\"lazy\" decoding=\"async\" src=\"http:\/\/arp83.fr\/wp-content\/uploads\/2020\/05\/IMG_20200510_115031-1-1024x383.jpg\" alt=\"\" class=\"wp-image-622\" width=\"1100\" height=\"383\"\/><\/figure>\n<\/div>\n\n\n<h3 class=\"has-text-align-center wp-block-heading\"><strong>Baffle central en carbone r\u00e9alis\u00e9 sur mesure<\/strong> :<\/h3>\n\n\n<div class=\"wp-block-image\">\n<figure class=\"aligncenter size-large is-resized\"><img decoding=\"async\" src=\"http:\/\/arp83.fr\/wp-content\/uploads\/2020\/05\/IMG_20200522_113802-1024x1012.jpg\" alt=\"\" class=\"wp-image-627\" width=\"1100\" srcset=\"https:\/\/arp83.fr\/wp-content\/uploads\/2020\/05\/IMG_20200522_113802-1024x1012.jpg 1024w, https:\/\/arp83.fr\/wp-content\/uploads\/2020\/05\/IMG_20200522_113802-300x296.jpg 300w, https:\/\/arp83.fr\/wp-content\/uploads\/2020\/05\/IMG_20200522_113802-768x759.jpg 768w, https:\/\/arp83.fr\/wp-content\/uploads\/2020\/05\/IMG_20200522_113802.jpg 1100w\" sizes=\"(max-width: 1024px) 100vw, 1024px\" \/><\/figure>\n<\/div>\n\n\n<h3 class=\"has-text-align-center wp-block-heading\"><strong>Caisse du primaire r\u00e9alis\u00e9e avec des tubes carr\u00e9s en acier 40x40mm<\/strong> :<\/h3>\n\n\n<div class=\"wp-block-image\">\n<figure class=\"aligncenter size-large is-resized\"><img decoding=\"async\" src=\"http:\/\/arp83.fr\/wp-content\/uploads\/2020\/05\/IMG_20200510_114937-1-1024x743.jpg\" alt=\"\" class=\"wp-image-637\" width=\"1100\" srcset=\"https:\/\/arp83.fr\/wp-content\/uploads\/2020\/05\/IMG_20200510_114937-1-1024x743.jpg 1024w, https:\/\/arp83.fr\/wp-content\/uploads\/2020\/05\/IMG_20200510_114937-1-300x218.jpg 300w, https:\/\/arp83.fr\/wp-content\/uploads\/2020\/05\/IMG_20200510_114937-1-768x557.jpg 768w, https:\/\/arp83.fr\/wp-content\/uploads\/2020\/05\/IMG_20200510_114937-1.jpg 1100w\" sizes=\"(max-width: 1024px) 100vw, 1024px\" \/><\/figure>\n<\/div>\n\n\n<h3 class=\"has-text-align-center wp-block-heading\"><strong>Tube carbone du serrurier 40&#215;34 mm :<\/strong><\/h3>\n\n\n<div class=\"wp-block-image\">\n<figure class=\"aligncenter size-large is-resized\"><img decoding=\"async\" src=\"http:\/\/arp83.fr\/wp-content\/uploads\/2020\/05\/IMG_20200530_083103-1024x669.jpg\" alt=\"\" class=\"wp-image-679\" width=\"1100\" srcset=\"https:\/\/arp83.fr\/wp-content\/uploads\/2020\/05\/IMG_20200530_083103-1024x669.jpg 1024w, https:\/\/arp83.fr\/wp-content\/uploads\/2020\/05\/IMG_20200530_083103-300x196.jpg 300w, https:\/\/arp83.fr\/wp-content\/uploads\/2020\/05\/IMG_20200530_083103-768x502.jpg 768w, https:\/\/arp83.fr\/wp-content\/uploads\/2020\/05\/IMG_20200530_083103.jpg 1100w\" sizes=\"(max-width: 1024px) 100vw, 1024px\" \/><figcaption class=\"wp-element-caption\"> <\/figcaption><\/figure>\n<\/div>\n\n\n<h3 class=\"has-text-align-center wp-block-heading\"><strong>Retour des pi\u00e8ces anodis\u00e9es<\/strong> : <\/h3>\n\n\n<div class=\"wp-block-image\">\n<figure class=\"aligncenter size-large is-resized\"><img decoding=\"async\" src=\"http:\/\/arp83.fr\/wp-content\/uploads\/2020\/05\/IMG_20200529_164803-1-1024x675.jpg\" alt=\"\" class=\"wp-image-676\" width=\"1100\" srcset=\"https:\/\/arp83.fr\/wp-content\/uploads\/2020\/05\/IMG_20200529_164803-1-1024x675.jpg 1024w, https:\/\/arp83.fr\/wp-content\/uploads\/2020\/05\/IMG_20200529_164803-1-300x198.jpg 300w, https:\/\/arp83.fr\/wp-content\/uploads\/2020\/05\/IMG_20200529_164803-1-768x506.jpg 768w, https:\/\/arp83.fr\/wp-content\/uploads\/2020\/05\/IMG_20200529_164803-1.jpg 1100w\" sizes=\"(max-width: 1024px) 100vw, 1024px\" \/><\/figure>\n<\/div>\n\n\n<h3 class=\"has-text-align-center wp-block-heading\"><strong>Premier assemblage :<\/strong><\/h3>\n\n\n<div class=\"wp-block-image\">\n<figure class=\"aligncenter size-large is-resized\"><img loading=\"lazy\" decoding=\"async\" src=\"http:\/\/arp83.fr\/wp-content\/uploads\/2020\/06\/IMG_20200602_095533-1024x919.jpg\" alt=\"\" class=\"wp-image-685\" width=\"1024\" height=\"919\" srcset=\"https:\/\/arp83.fr\/wp-content\/uploads\/2020\/06\/IMG_20200602_095533-1024x919.jpg 1024w, https:\/\/arp83.fr\/wp-content\/uploads\/2020\/06\/IMG_20200602_095533-300x269.jpg 300w, https:\/\/arp83.fr\/wp-content\/uploads\/2020\/06\/IMG_20200602_095533-768x689.jpg 768w, https:\/\/arp83.fr\/wp-content\/uploads\/2020\/06\/IMG_20200602_095533.jpg 1100w\" sizes=\"(max-width: 1024px) 100vw, 1024px\" \/><\/figure>\n<\/div>\n\n\n<h2 class=\"wp-block-heading\"> <\/h2>\n\n\n<div class=\"wp-block-image\">\n<figure class=\"aligncenter size-large is-resized\"><img loading=\"lazy\" decoding=\"async\" src=\"http:\/\/arp83.fr\/wp-content\/uploads\/2020\/06\/IMG_20200602_094006-1024x990.jpg\" alt=\"\" class=\"wp-image-686\" width=\"1024\" height=\"990\" srcset=\"https:\/\/arp83.fr\/wp-content\/uploads\/2020\/06\/IMG_20200602_094006-1024x990.jpg 1024w, https:\/\/arp83.fr\/wp-content\/uploads\/2020\/06\/IMG_20200602_094006-300x290.jpg 300w, https:\/\/arp83.fr\/wp-content\/uploads\/2020\/06\/IMG_20200602_094006-768x742.jpg 768w, https:\/\/arp83.fr\/wp-content\/uploads\/2020\/06\/IMG_20200602_094006.jpg 1100w\" sizes=\"(max-width: 1024px) 100vw, 1024px\" \/><\/figure>\n<\/div>\n\n\n<h2 class=\"wp-block-heading\"> <\/h2>\n\n\n<div class=\"wp-block-image\">\n<figure class=\"aligncenter size-full\"><img loading=\"lazy\" decoding=\"async\" width=\"1100\" height=\"1783\" src=\"http:\/\/arp83.fr\/wp-content\/uploads\/2020\/06\/IMG_20200606_170844-2.jpg\" alt=\"\" class=\"wp-image-692\" srcset=\"https:\/\/arp83.fr\/wp-content\/uploads\/2020\/06\/IMG_20200606_170844-2.jpg 1100w, https:\/\/arp83.fr\/wp-content\/uploads\/2020\/06\/IMG_20200606_170844-2-185x300.jpg 185w, https:\/\/arp83.fr\/wp-content\/uploads\/2020\/06\/IMG_20200606_170844-2-632x1024.jpg 632w, https:\/\/arp83.fr\/wp-content\/uploads\/2020\/06\/IMG_20200606_170844-2-768x1245.jpg 768w, https:\/\/arp83.fr\/wp-content\/uploads\/2020\/06\/IMG_20200606_170844-2-948x1536.jpg 948w\" sizes=\"(max-width: 1100px) 100vw, 1100px\" \/><\/figure>\n<\/div>\n\n\n<h2 class=\"wp-block-heading\"> <\/h2>\n\n\n<div class=\"wp-block-image\">\n<figure class=\"aligncenter size-full\"><img loading=\"lazy\" decoding=\"async\" width=\"1100\" height=\"1791\" src=\"http:\/\/arp83.fr\/wp-content\/uploads\/2020\/06\/IMG_20200606_170909.jpg\" alt=\"\" class=\"wp-image-693\" srcset=\"https:\/\/arp83.fr\/wp-content\/uploads\/2020\/06\/IMG_20200606_170909.jpg 1100w, https:\/\/arp83.fr\/wp-content\/uploads\/2020\/06\/IMG_20200606_170909-184x300.jpg 184w, https:\/\/arp83.fr\/wp-content\/uploads\/2020\/06\/IMG_20200606_170909-629x1024.jpg 629w, https:\/\/arp83.fr\/wp-content\/uploads\/2020\/06\/IMG_20200606_170909-768x1250.jpg 768w, https:\/\/arp83.fr\/wp-content\/uploads\/2020\/06\/IMG_20200606_170909-943x1536.jpg 943w\" sizes=\"(max-width: 1100px) 100vw, 1100px\" \/><\/figure>\n<\/div>\n\n\n<h3 class=\"has-text-align-center wp-block-heading\"><strong>Mise en place des ventilateurs :<\/strong><\/h3>\n\n\n<div class=\"wp-block-image\">\n<figure class=\"aligncenter size-large is-resized\"><img decoding=\"async\" src=\"http:\/\/arp83.fr\/wp-content\/uploads\/2020\/07\/IMG_20200701_101909_BURST001_COVER-1-1024x1019.jpg\" alt=\"\" class=\"wp-image-735\" width=\"1200\" srcset=\"https:\/\/arp83.fr\/wp-content\/uploads\/2020\/07\/IMG_20200701_101909_BURST001_COVER-1-1024x1019.jpg 1024w, https:\/\/arp83.fr\/wp-content\/uploads\/2020\/07\/IMG_20200701_101909_BURST001_COVER-1-300x300.jpg 300w, https:\/\/arp83.fr\/wp-content\/uploads\/2020\/07\/IMG_20200701_101909_BURST001_COVER-1-150x150.jpg 150w, https:\/\/arp83.fr\/wp-content\/uploads\/2020\/07\/IMG_20200701_101909_BURST001_COVER-1-768x764.jpg 768w, https:\/\/arp83.fr\/wp-content\/uploads\/2020\/07\/IMG_20200701_101909_BURST001_COVER-1.jpg 1200w\" sizes=\"(max-width: 1024px) 100vw, 1024px\" \/><\/figure>\n<\/div>\n\n\n<h2 class=\"wp-block-heading\"> <\/h2>\n\n\n<div class=\"wp-block-image\">\n<figure class=\"aligncenter size-full\"><img loading=\"lazy\" decoding=\"async\" width=\"1200\" height=\"1089\" src=\"http:\/\/arp83.fr\/wp-content\/uploads\/2020\/07\/IMG_20200701_102016.jpg\" alt=\"\" class=\"wp-image-736\" srcset=\"https:\/\/arp83.fr\/wp-content\/uploads\/2020\/07\/IMG_20200701_102016.jpg 1200w, https:\/\/arp83.fr\/wp-content\/uploads\/2020\/07\/IMG_20200701_102016-300x272.jpg 300w, https:\/\/arp83.fr\/wp-content\/uploads\/2020\/07\/IMG_20200701_102016-1024x929.jpg 1024w, https:\/\/arp83.fr\/wp-content\/uploads\/2020\/07\/IMG_20200701_102016-768x697.jpg 768w\" sizes=\"(max-width: 1200px) 100vw, 1200px\" \/><\/figure>\n<\/div>\n\n\n<h3 class=\"has-text-align-center wp-block-heading\"><strong>Premiers tests en imagerie : Image r\u00e9alis\u00e9e avec une ASI 290 monochrome + filtre IR807. \u00c9chantillonnage 0.14&Prime;<\/strong><\/h3>\n\n\n<div class=\"wp-block-image\">\n<figure class=\"aligncenter size-full\"><img loading=\"lazy\" decoding=\"async\" width=\"1200\" height=\"1027\" src=\"http:\/\/arp83.fr\/wp-content\/uploads\/2020\/06\/Moon_223425_1200x1200.jpg\" alt=\"\" class=\"wp-image-712\" srcset=\"https:\/\/arp83.fr\/wp-content\/uploads\/2020\/06\/Moon_223425_1200x1200.jpg 1200w, https:\/\/arp83.fr\/wp-content\/uploads\/2020\/06\/Moon_223425_1200x1200-300x257.jpg 300w, https:\/\/arp83.fr\/wp-content\/uploads\/2020\/06\/Moon_223425_1200x1200-1024x876.jpg 1024w, https:\/\/arp83.fr\/wp-content\/uploads\/2020\/06\/Moon_223425_1200x1200-768x657.jpg 768w\" sizes=\"(max-width: 1200px) 100vw, 1200px\" \/><\/figure>\n<\/div>\n\n\n<h3 class=\"has-text-align-center wp-block-heading\"><strong>Image r\u00e9alis\u00e9e avec un Nikon D750, mosa\u00efque de deux panneaux<\/strong><\/h3>\n\n\n<div class=\"wp-block-image\">\n<figure class=\"aligncenter size-full\"><img loading=\"lazy\" decoding=\"async\" width=\"1200\" height=\"1937\" src=\"http:\/\/arp83.fr\/wp-content\/uploads\/2020\/06\/Mosaique_12200x1200-1.jpg\" alt=\"\" class=\"wp-image-720\" srcset=\"https:\/\/arp83.fr\/wp-content\/uploads\/2020\/06\/Mosaique_12200x1200-1.jpg 1200w, https:\/\/arp83.fr\/wp-content\/uploads\/2020\/06\/Mosaique_12200x1200-1-186x300.jpg 186w, https:\/\/arp83.fr\/wp-content\/uploads\/2020\/06\/Mosaique_12200x1200-1-634x1024.jpg 634w, https:\/\/arp83.fr\/wp-content\/uploads\/2020\/06\/Mosaique_12200x1200-1-768x1240.jpg 768w, https:\/\/arp83.fr\/wp-content\/uploads\/2020\/06\/Mosaique_12200x1200-1-952x1536.jpg 952w\" sizes=\"(max-width: 1200px) 100vw, 1200px\" \/><\/figure>\n<\/div>\n\n\n<h3 class=\"has-text-align-center wp-block-heading\"><strong>Dumbell avec la STL11K + correcteur 4&Prime; ASA, \u00e9chantillonnage 0.87&Prime;, une seule pose de 30 secondes, aucun traitement, le champ 24&#215;36 est corrig\u00e9 :<\/strong><\/h3>\n\n\n<div class=\"wp-block-image\">\n<figure class=\"aligncenter size-full\"><img loading=\"lazy\" decoding=\"async\" width=\"1200\" height=\"800\" src=\"http:\/\/arp83.fr\/wp-content\/uploads\/2020\/08\/dumbell_60s_2x2_1200.jpg\" alt=\"\" class=\"wp-image-756\" srcset=\"https:\/\/arp83.fr\/wp-content\/uploads\/2020\/08\/dumbell_60s_2x2_1200.jpg 1200w, https:\/\/arp83.fr\/wp-content\/uploads\/2020\/08\/dumbell_60s_2x2_1200-300x200.jpg 300w, https:\/\/arp83.fr\/wp-content\/uploads\/2020\/08\/dumbell_60s_2x2_1200-1024x683.jpg 1024w, https:\/\/arp83.fr\/wp-content\/uploads\/2020\/08\/dumbell_60s_2x2_1200-768x512.jpg 768w\" sizes=\"(max-width: 1200px) 100vw, 1200px\" \/><\/figure>\n<\/div>\n\n\n<h3 class=\"has-text-align-center wp-block-heading\"><strong>Et le crop du centre et des 4 coins de l&rsquo;image :<\/strong><\/h3>\n\n\n<div class=\"wp-block-image\">\n<figure class=\"aligncenter size-full\"><img loading=\"lazy\" decoding=\"async\" width=\"1200\" height=\"900\" src=\"http:\/\/arp83.fr\/wp-content\/uploads\/2020\/08\/dumbell_60s_2x2_1200_crop.jpg\" alt=\"\" class=\"wp-image-757\" srcset=\"https:\/\/arp83.fr\/wp-content\/uploads\/2020\/08\/dumbell_60s_2x2_1200_crop.jpg 1200w, https:\/\/arp83.fr\/wp-content\/uploads\/2020\/08\/dumbell_60s_2x2_1200_crop-300x225.jpg 300w, https:\/\/arp83.fr\/wp-content\/uploads\/2020\/08\/dumbell_60s_2x2_1200_crop-1024x768.jpg 1024w, https:\/\/arp83.fr\/wp-content\/uploads\/2020\/08\/dumbell_60s_2x2_1200_crop-768x576.jpg 768w\" sizes=\"(max-width: 1200px) 100vw, 1200px\" \/><\/figure>\n<\/div>\n\n\n<h3 class=\"has-text-align-center wp-block-heading\"><strong>Mars au Cassegrain : barlow X2 Meade + ADC ZWO + Filtre IR 807 + ZWO290 Mono.<\/strong><\/h3>\n\n\n<div class=\"wp-block-image\">\n<figure class=\"aligncenter size-large\"><img loading=\"lazy\" decoding=\"async\" width=\"295\" height=\"295\" src=\"http:\/\/arp83.fr\/wp-content\/uploads\/2020\/11\/Mars_222113_reduite.jpg\" alt=\"\" class=\"wp-image-781\" srcset=\"https:\/\/arp83.fr\/wp-content\/uploads\/2020\/11\/Mars_222113_reduite.jpg 295w, https:\/\/arp83.fr\/wp-content\/uploads\/2020\/11\/Mars_222113_reduite-150x150.jpg 150w\" sizes=\"(max-width: 295px) 100vw, 295px\" \/><\/figure>\n<\/div>\n\n\n<h3 class=\"has-text-align-center wp-block-heading\"><strong>Et la version couleur r\u00e9alis\u00e9e avec une ZWO290 couleur.<\/strong><\/h3>\n\n\n<div class=\"wp-block-image\">\n<figure class=\"aligncenter size-large\"><img loading=\"lazy\" decoding=\"async\" width=\"326\" height=\"326\" src=\"http:\/\/arp83.fr\/wp-content\/uploads\/2020\/11\/Mars_222818_Mix_couleur_IR_reduite.jpg\" alt=\"\" class=\"wp-image-782\" srcset=\"https:\/\/arp83.fr\/wp-content\/uploads\/2020\/11\/Mars_222818_Mix_couleur_IR_reduite.jpg 326w, https:\/\/arp83.fr\/wp-content\/uploads\/2020\/11\/Mars_222818_Mix_couleur_IR_reduite-300x300.jpg 300w, https:\/\/arp83.fr\/wp-content\/uploads\/2020\/11\/Mars_222818_Mix_couleur_IR_reduite-150x150.jpg 150w\" sizes=\"(max-width: 326px) 100vw, 326px\" \/><\/figure>\n<\/div>\n\n\n<p><\/p>\n\n\n\n<h3 class=\"has-text-align-center wp-block-heading\"><strong>Quelques images r\u00e9alis\u00e9es par Jean Claude Mario avec ce cassegrain (<a href=\"http:\/\/astro.equinoxe.free.fr\/\">http:\/\/astro.equinoxe.free.fr\/<\/a>)<\/strong><\/h3>\n\n\n\n<p><\/p>\n\n\n<div class=\"wp-block-image\">\n<figure class=\"aligncenter size-full\"><img loading=\"lazy\" decoding=\"async\" width=\"1150\" height=\"841\" src=\"https:\/\/arp83.fr\/wp-content\/uploads\/2022\/05\/M_82.jpg\" alt=\"\" class=\"wp-image-1117\" srcset=\"https:\/\/arp83.fr\/wp-content\/uploads\/2022\/05\/M_82.jpg 1150w, https:\/\/arp83.fr\/wp-content\/uploads\/2022\/05\/M_82-300x219.jpg 300w, https:\/\/arp83.fr\/wp-content\/uploads\/2022\/05\/M_82-1024x749.jpg 1024w, https:\/\/arp83.fr\/wp-content\/uploads\/2022\/05\/M_82-768x562.jpg 768w\" sizes=\"(max-width: 1150px) 100vw, 1150px\" \/><\/figure>\n<\/div>\n\n\n<h2 class=\"wp-block-heading\"> <\/h2>\n\n\n<div class=\"wp-block-image\">\n<figure class=\"aligncenter size-full\"><img loading=\"lazy\" decoding=\"async\" width=\"1150\" height=\"908\" src=\"https:\/\/arp83.fr\/wp-content\/uploads\/2022\/05\/IC_342-3.jpg\" alt=\"\" class=\"wp-image-1139\" srcset=\"https:\/\/arp83.fr\/wp-content\/uploads\/2022\/05\/IC_342-3.jpg 1150w, https:\/\/arp83.fr\/wp-content\/uploads\/2022\/05\/IC_342-3-300x237.jpg 300w, https:\/\/arp83.fr\/wp-content\/uploads\/2022\/05\/IC_342-3-1024x809.jpg 1024w, https:\/\/arp83.fr\/wp-content\/uploads\/2022\/05\/IC_342-3-768x606.jpg 768w\" sizes=\"(max-width: 1150px) 100vw, 1150px\" \/><\/figure>\n<\/div>\n\n\n<h2 class=\"wp-block-heading\"> <\/h2>\n\n\n<div class=\"wp-block-image\">\n<figure class=\"aligncenter size-full\"><img loading=\"lazy\" decoding=\"async\" width=\"1150\" height=\"1150\" src=\"https:\/\/arp83.fr\/wp-content\/uploads\/2022\/05\/NGC_1530_finale.jpg.5282747005fd02b21bd07d89b31309a4.jpg\" alt=\"\" class=\"wp-image-1145\" srcset=\"https:\/\/arp83.fr\/wp-content\/uploads\/2022\/05\/NGC_1530_finale.jpg.5282747005fd02b21bd07d89b31309a4.jpg 1150w, https:\/\/arp83.fr\/wp-content\/uploads\/2022\/05\/NGC_1530_finale.jpg.5282747005fd02b21bd07d89b31309a4-300x300.jpg 300w, https:\/\/arp83.fr\/wp-content\/uploads\/2022\/05\/NGC_1530_finale.jpg.5282747005fd02b21bd07d89b31309a4-1024x1024.jpg 1024w, https:\/\/arp83.fr\/wp-content\/uploads\/2022\/05\/NGC_1530_finale.jpg.5282747005fd02b21bd07d89b31309a4-150x150.jpg 150w, https:\/\/arp83.fr\/wp-content\/uploads\/2022\/05\/NGC_1530_finale.jpg.5282747005fd02b21bd07d89b31309a4-768x768.jpg 768w\" sizes=\"(max-width: 1150px) 100vw, 1150px\" \/><\/figure>\n<\/div>\n\n\n<h2 class=\"wp-block-heading\"> <\/h2>\n\n\n<div class=\"wp-block-image\">\n<figure class=\"aligncenter size-full\"><img loading=\"lazy\" decoding=\"async\" width=\"1150\" height=\"768\" src=\"https:\/\/arp83.fr\/wp-content\/uploads\/2022\/05\/NGC_2403.jpg.fbe3ce7360ece7a26de83c390b12ff70.jpg\" alt=\"\" class=\"wp-image-1146\" srcset=\"https:\/\/arp83.fr\/wp-content\/uploads\/2022\/05\/NGC_2403.jpg.fbe3ce7360ece7a26de83c390b12ff70.jpg 1150w, https:\/\/arp83.fr\/wp-content\/uploads\/2022\/05\/NGC_2403.jpg.fbe3ce7360ece7a26de83c390b12ff70-300x200.jpg 300w, https:\/\/arp83.fr\/wp-content\/uploads\/2022\/05\/NGC_2403.jpg.fbe3ce7360ece7a26de83c390b12ff70-1024x684.jpg 1024w, https:\/\/arp83.fr\/wp-content\/uploads\/2022\/05\/NGC_2403.jpg.fbe3ce7360ece7a26de83c390b12ff70-768x513.jpg 768w\" sizes=\"(max-width: 1150px) 100vw, 1150px\" \/><\/figure>\n<\/div><div id=\"themify_builder_content-560\" data-postid=\"560\" class=\"themify_builder_content themify_builder_content-560 themify_builder\">\n\n    <\/div>\n<!-- \/themify_builder_content -->","protected":false},"excerpt":{"rendered":"<p>Ce Cassegrain 515 mm FD8 est un exemple de demi serrurier que je peux r\u00e9aliser pour tout diam\u00e8tre. Ce t\u00e9lescope est polyvalent visuel\/plan\u00e9taire\/ciel profond avec le correcteur ASA 4&Prime;. Il est une alternative aux RC ou CDK de m\u00eame diam\u00e8tre mais aura une obstruction plus faible en utilisation plan\u00e9taire. Gr\u00e2ce \u00e0 un syst\u00e8me de baffle [&hellip;]<\/p>\n","protected":false},"author":1,"featured_media":0,"parent":0,"menu_order":0,"comment_status":"closed","ping_status":"closed","template":"","meta":{"footnotes":""},"class_list":["post-560","page","type-page","status-publish","hentry","has-post-title","has-post-date","has-post-category","has-post-tag","has-post-comment","has-post-author",""],"_links":{"self":[{"href":"https:\/\/arp83.fr\/index.php?rest_route=\/wp\/v2\/pages\/560","targetHints":{"allow":["GET"]}}],"collection":[{"href":"https:\/\/arp83.fr\/index.php?rest_route=\/wp\/v2\/pages"}],"about":[{"href":"https:\/\/arp83.fr\/index.php?rest_route=\/wp\/v2\/types\/page"}],"author":[{"embeddable":true,"href":"https:\/\/arp83.fr\/index.php?rest_route=\/wp\/v2\/users\/1"}],"replies":[{"embeddable":true,"href":"https:\/\/arp83.fr\/index.php?rest_route=%2Fwp%2Fv2%2Fcomments&post=560"}],"version-history":[{"count":209,"href":"https:\/\/arp83.fr\/index.php?rest_route=\/wp\/v2\/pages\/560\/revisions"}],"predecessor-version":[{"id":1368,"href":"https:\/\/arp83.fr\/index.php?rest_route=\/wp\/v2\/pages\/560\/revisions\/1368"}],"wp:attachment":[{"href":"https:\/\/arp83.fr\/index.php?rest_route=%2Fwp%2Fv2%2Fmedia&parent=560"}],"curies":[{"name":"wp","href":"https:\/\/api.w.org\/{rel}","templated":true}]}}