{"id":466,"date":"2019-12-23T08:09:20","date_gmt":"2019-12-23T07:09:20","guid":{"rendered":"http:\/\/arp83.fr\/?page_id=466"},"modified":"2024-06-16T07:42:26","modified_gmt":"2024-06-16T05:42:26","slug":"dobson","status":"publish","type":"page","link":"https:\/\/arp83.fr\/?page_id=466","title":{"rendered":"Dobson"},"content":{"rendered":"\n<h3 class=\"wp-block-heading has-text-align-center\"><strong>Ce Dobson de 520 mm est un exemple de ce que je peux r\u00e9aliser pour n&rsquo;importe quel diam\u00e8tre de miroir.<\/strong><\/h3>\n\n\n\n<hr class=\"wp-block-separator has-css-opacity\"\/>\n\n\n\n<p><\/p>\n\n\n\n<h3 class=\"wp-block-heading has-text-align-center\"><strong>Vue d&rsquo;ensemble : la caisse est ferm\u00e9e avec un couvercle en peuplier.<\/strong><\/h3>\n\n\n<div class=\"wp-block-image\">\n<figure class=\"aligncenter\"><img fetchpriority=\"high\" decoding=\"async\" width=\"1024\" height=\"843\" src=\"http:\/\/arp83.fr\/wp-content\/uploads\/2019\/12\/IMG_20191222_092807-1024x843.jpg\" alt=\"\" class=\"wp-image-484\" srcset=\"https:\/\/arp83.fr\/wp-content\/uploads\/2019\/12\/IMG_20191222_092807-1024x843.jpg 1024w, https:\/\/arp83.fr\/wp-content\/uploads\/2019\/12\/IMG_20191222_092807-300x247.jpg 300w, https:\/\/arp83.fr\/wp-content\/uploads\/2019\/12\/IMG_20191222_092807-768x632.jpg 768w\" sizes=\"(max-width: 1024px) 100vw, 1024px\" \/><\/figure>\n<\/div>\n\n\n<hr class=\"wp-block-separator has-css-opacity\"\/>\n\n\n\n<h3 class=\"wp-block-heading has-text-align-center\"> <strong>Contre plaqu\u00e9 de bouleau pour toutes les parties en bois + Vernis Marin \u00e0 base de r\u00e9sine polyur\u00e9thane (Syntilor).<\/strong> <\/h3>\n\n\n<div class=\"wp-block-image\">\n<figure class=\"aligncenter\"><img decoding=\"async\" width=\"1024\" height=\"940\" src=\"http:\/\/arp83.fr\/wp-content\/uploads\/2019\/12\/IMG_20191222_093009_site-1024x940.jpg\" alt=\"\" class=\"wp-image-458\" srcset=\"https:\/\/arp83.fr\/wp-content\/uploads\/2019\/12\/IMG_20191222_093009_site-1024x940.jpg 1024w, https:\/\/arp83.fr\/wp-content\/uploads\/2019\/12\/IMG_20191222_093009_site-300x275.jpg 300w, https:\/\/arp83.fr\/wp-content\/uploads\/2019\/12\/IMG_20191222_093009_site-768x705.jpg 768w, https:\/\/arp83.fr\/wp-content\/uploads\/2019\/12\/IMG_20191222_093009_site.jpg 1200w\" sizes=\"(max-width: 1024px) 100vw, 1024px\" \/><\/figure>\n<\/div>\n\n\n<h2 class=\"wp-block-heading\"> <\/h2>\n\n\n<div class=\"wp-block-image\">\n<figure class=\"aligncenter\"><img decoding=\"async\" width=\"1021\" height=\"1024\" src=\"http:\/\/arp83.fr\/wp-content\/uploads\/2019\/12\/IMG_20191222_093402-1021x1024.jpg\" alt=\"\" class=\"wp-image-511\" srcset=\"https:\/\/arp83.fr\/wp-content\/uploads\/2019\/12\/IMG_20191222_093402-1021x1024.jpg 1021w, https:\/\/arp83.fr\/wp-content\/uploads\/2019\/12\/IMG_20191222_093402-150x150.jpg 150w, https:\/\/arp83.fr\/wp-content\/uploads\/2019\/12\/IMG_20191222_093402-300x300.jpg 300w, https:\/\/arp83.fr\/wp-content\/uploads\/2019\/12\/IMG_20191222_093402-768x770.jpg 768w, https:\/\/arp83.fr\/wp-content\/uploads\/2019\/12\/IMG_20191222_093402.jpg 1200w\" sizes=\"(max-width: 1021px) 100vw, 1021px\" \/><\/figure>\n<\/div>\n\n\n<hr class=\"wp-block-separator has-css-opacity\"\/>\n\n\n\n<h3 class=\"wp-block-heading has-text-align-center\"><strong>Tourillons amovibles.<\/strong><\/h3>\n\n\n<div class=\"wp-block-image\">\n<figure class=\"aligncenter\"><img loading=\"lazy\" decoding=\"async\" width=\"1024\" height=\"838\" src=\"http:\/\/arp83.fr\/wp-content\/uploads\/2019\/12\/IMG_20191222_094359-1024x838.jpg\" alt=\"\" class=\"wp-image-514\" srcset=\"https:\/\/arp83.fr\/wp-content\/uploads\/2019\/12\/IMG_20191222_094359-1024x838.jpg 1024w, https:\/\/arp83.fr\/wp-content\/uploads\/2019\/12\/IMG_20191222_094359-300x246.jpg 300w, https:\/\/arp83.fr\/wp-content\/uploads\/2019\/12\/IMG_20191222_094359-768x628.jpg 768w, https:\/\/arp83.fr\/wp-content\/uploads\/2019\/12\/IMG_20191222_094359.jpg 1200w\" sizes=\"(max-width: 1024px) 100vw, 1024px\" \/><\/figure>\n<\/div>\n\n\n<hr class=\"wp-block-separator has-css-opacity\"\/>\n\n\n\n<h3 class=\"wp-block-heading has-text-align-center\"><strong>Araign\u00e9e en Alu\/inox.<\/strong><\/h3>\n\n\n<div class=\"wp-block-image\">\n<figure class=\"aligncenter\"><img loading=\"lazy\" decoding=\"async\" width=\"1024\" height=\"768\" src=\"http:\/\/arp83.fr\/wp-content\/uploads\/2019\/12\/IMG_20191222_093655-1024x768.jpg\" alt=\"\" class=\"wp-image-515\" srcset=\"https:\/\/arp83.fr\/wp-content\/uploads\/2019\/12\/IMG_20191222_093655-1024x768.jpg 1024w, https:\/\/arp83.fr\/wp-content\/uploads\/2019\/12\/IMG_20191222_093655-300x225.jpg 300w, https:\/\/arp83.fr\/wp-content\/uploads\/2019\/12\/IMG_20191222_093655-768x576.jpg 768w, https:\/\/arp83.fr\/wp-content\/uploads\/2019\/12\/IMG_20191222_093655.jpg 1200w\" sizes=\"(max-width: 1024px) 100vw, 1024px\" \/><\/figure>\n<\/div>\n\n\n<hr class=\"wp-block-separator has-css-opacity\"\/>\n\n\n\n<h3 class=\"wp-block-heading has-text-align-center\"><strong>Barillet double \u00e9tage ventil\u00e9 (les supports lat\u00e9raux restent toujours en contact au niveau du centre de gravit\u00e9 du miroir)<\/strong><\/h3>\n\n\n<div class=\"wp-block-image\">\n<figure class=\"aligncenter\"><img loading=\"lazy\" decoding=\"async\" width=\"1024\" height=\"885\" src=\"http:\/\/arp83.fr\/wp-content\/uploads\/2019\/12\/1-1024x885.jpg\" alt=\"\" class=\"wp-image-454\" srcset=\"https:\/\/arp83.fr\/wp-content\/uploads\/2019\/12\/1-1024x885.jpg 1024w, https:\/\/arp83.fr\/wp-content\/uploads\/2019\/12\/1-300x259.jpg 300w, https:\/\/arp83.fr\/wp-content\/uploads\/2019\/12\/1-768x664.jpg 768w, https:\/\/arp83.fr\/wp-content\/uploads\/2019\/12\/1.jpg 1200w\" sizes=\"(max-width: 1024px) 100vw, 1024px\" \/><\/figure>\n<\/div>\n\n\n<h3 class=\"wp-block-heading has-text-align-center\"><strong>Alimentation par prise jack facilement accessible.<\/strong><\/h3>\n\n\n<div class=\"wp-block-image\">\n<figure class=\"aligncenter\"><img loading=\"lazy\" decoding=\"async\" width=\"1024\" height=\"823\" src=\"http:\/\/arp83.fr\/wp-content\/uploads\/2019\/12\/IMG_20191222_094051_site-1-1024x823.jpg\" alt=\"\" class=\"wp-image-520\" srcset=\"https:\/\/arp83.fr\/wp-content\/uploads\/2019\/12\/IMG_20191222_094051_site-1-1024x823.jpg 1024w, https:\/\/arp83.fr\/wp-content\/uploads\/2019\/12\/IMG_20191222_094051_site-1-300x241.jpg 300w, https:\/\/arp83.fr\/wp-content\/uploads\/2019\/12\/IMG_20191222_094051_site-1-768x617.jpg 768w, https:\/\/arp83.fr\/wp-content\/uploads\/2019\/12\/IMG_20191222_094051_site-1.jpg 1200w\" sizes=\"(max-width: 1024px) 100vw, 1024px\" \/><\/figure>\n<\/div>\n\n\n<hr class=\"wp-block-separator has-css-opacity\"\/>\n\n\n\n<h3 class=\"wp-block-heading has-text-align-center\"><strong>Molette de collimation : vis poussante avec sa vis tirante incorpor\u00e9e.<\/strong><\/h3>\n\n\n<div class=\"wp-block-image\">\n<figure class=\"aligncenter\"><img loading=\"lazy\" decoding=\"async\" width=\"1024\" height=\"768\" src=\"http:\/\/arp83.fr\/wp-content\/uploads\/2019\/12\/IMG_20191221_143648-1024x768.jpg\" alt=\"\" class=\"wp-image-521\" srcset=\"https:\/\/arp83.fr\/wp-content\/uploads\/2019\/12\/IMG_20191221_143648-1024x768.jpg 1024w, https:\/\/arp83.fr\/wp-content\/uploads\/2019\/12\/IMG_20191221_143648-300x225.jpg 300w, https:\/\/arp83.fr\/wp-content\/uploads\/2019\/12\/IMG_20191221_143648-768x576.jpg 768w, https:\/\/arp83.fr\/wp-content\/uploads\/2019\/12\/IMG_20191221_143648.jpg 1200w\" sizes=\"(max-width: 1024px) 100vw, 1024px\" \/><\/figure>\n<\/div>\n\n\n<hr class=\"wp-block-separator has-css-opacity\"\/>\n\n\n\n<h3 class=\"wp-block-heading has-text-align-center\"><strong>Tube carbone de 35 mm avec inserts alu.<\/strong><\/h3>\n\n\n<div class=\"wp-block-image\">\n<figure class=\"aligncenter\"><img loading=\"lazy\" decoding=\"async\" width=\"1024\" height=\"768\" src=\"http:\/\/arp83.fr\/wp-content\/uploads\/2019\/12\/IMG_20191222_093547_site-1024x768.jpg\" alt=\"\" class=\"wp-image-459\" srcset=\"https:\/\/arp83.fr\/wp-content\/uploads\/2019\/12\/IMG_20191222_093547_site-1024x768.jpg 1024w, https:\/\/arp83.fr\/wp-content\/uploads\/2019\/12\/IMG_20191222_093547_site-300x225.jpg 300w, https:\/\/arp83.fr\/wp-content\/uploads\/2019\/12\/IMG_20191222_093547_site-768x576.jpg 768w, https:\/\/arp83.fr\/wp-content\/uploads\/2019\/12\/IMG_20191222_093547_site.jpg 1200w\" sizes=\"(max-width: 1024px) 100vw, 1024px\" \/><\/figure>\n<\/div>\n\n\n<hr class=\"wp-block-separator has-css-opacity\"\/>\n\n\n\n<h3 class=\"wp-block-heading has-text-align-center\"><strong>Toutes la visserie est en inox et les pi\u00e8ces en alu sont anodis\u00e9es \u00e0 la couleur d\u00e9sir\u00e9e.<\/strong><\/h3>\n\n\n<div class=\"wp-block-image\">\n<figure class=\"aligncenter\"><img loading=\"lazy\" decoding=\"async\" width=\"1024\" height=\"944\" src=\"http:\/\/arp83.fr\/wp-content\/uploads\/2019\/12\/IMG_20191222_093211-1024x944.jpg\" alt=\"\" class=\"wp-image-526\" srcset=\"https:\/\/arp83.fr\/wp-content\/uploads\/2019\/12\/IMG_20191222_093211-1024x944.jpg 1024w, https:\/\/arp83.fr\/wp-content\/uploads\/2019\/12\/IMG_20191222_093211-300x277.jpg 300w, https:\/\/arp83.fr\/wp-content\/uploads\/2019\/12\/IMG_20191222_093211-768x708.jpg 768w, https:\/\/arp83.fr\/wp-content\/uploads\/2019\/12\/IMG_20191222_093211.jpg 1200w\" sizes=\"(max-width: 1024px) 100vw, 1024px\" \/><\/figure>\n<\/div>\n\n\n<hr class=\"wp-block-separator has-css-opacity\"\/>\n\n\n\n<h3 class=\"wp-block-heading has-text-align-center\"><strong>N&rsquo;h\u00e9sitez pas \u00e0 me contacter si vous avez un projet de ce type.<\/strong> <\/h3>\n\n\n<div class=\"wp-block-image\">\n<figure class=\"aligncenter\"><img loading=\"lazy\" decoding=\"async\" width=\"1024\" height=\"756\" src=\"http:\/\/arp83.fr\/wp-content\/uploads\/2019\/12\/IMG_20191222_093233-1024x756.jpg\" alt=\"\" class=\"wp-image-531\" srcset=\"https:\/\/arp83.fr\/wp-content\/uploads\/2019\/12\/IMG_20191222_093233-1024x756.jpg 1024w, https:\/\/arp83.fr\/wp-content\/uploads\/2019\/12\/IMG_20191222_093233-300x222.jpg 300w, https:\/\/arp83.fr\/wp-content\/uploads\/2019\/12\/IMG_20191222_093233-768x567.jpg 768w, https:\/\/arp83.fr\/wp-content\/uploads\/2019\/12\/IMG_20191222_093233.jpg 1200w\" sizes=\"(max-width: 1024px) 100vw, 1024px\" \/><\/figure>\n<\/div>\n\n\n<h2 class=\"wp-block-heading\"> <\/h2>\n\n\n<div class=\"wp-block-image\">\n<figure class=\"aligncenter\"><img loading=\"lazy\" decoding=\"async\" width=\"1024\" height=\"768\" src=\"http:\/\/arp83.fr\/wp-content\/uploads\/2019\/12\/IMG_20191222_093141-1024x768.jpg\" alt=\"\" class=\"wp-image-532\" srcset=\"https:\/\/arp83.fr\/wp-content\/uploads\/2019\/12\/IMG_20191222_093141-1024x768.jpg 1024w, https:\/\/arp83.fr\/wp-content\/uploads\/2019\/12\/IMG_20191222_093141-300x225.jpg 300w, https:\/\/arp83.fr\/wp-content\/uploads\/2019\/12\/IMG_20191222_093141-768x576.jpg 768w, https:\/\/arp83.fr\/wp-content\/uploads\/2019\/12\/IMG_20191222_093141.jpg 1200w\" sizes=\"(max-width: 1024px) 100vw, 1024px\" \/><\/figure>\n<\/div>\n\n\n<h2 class=\"wp-block-heading\"> <\/h2>\n\n\n<div class=\"wp-block-image\">\n<figure class=\"aligncenter\"><img loading=\"lazy\" decoding=\"async\" width=\"1024\" height=\"701\" src=\"http:\/\/arp83.fr\/wp-content\/uploads\/2019\/12\/IMG_20191222_093309-1024x701.jpg\" alt=\"\" class=\"wp-image-533\" srcset=\"https:\/\/arp83.fr\/wp-content\/uploads\/2019\/12\/IMG_20191222_093309-1024x701.jpg 1024w, https:\/\/arp83.fr\/wp-content\/uploads\/2019\/12\/IMG_20191222_093309-300x206.jpg 300w, https:\/\/arp83.fr\/wp-content\/uploads\/2019\/12\/IMG_20191222_093309-768x526.jpg 768w, https:\/\/arp83.fr\/wp-content\/uploads\/2019\/12\/IMG_20191222_093309.jpg 1200w\" sizes=\"(max-width: 1024px) 100vw, 1024px\" \/><\/figure>\n<\/div>\n\n\n<h2 class=\"wp-block-heading\"> <\/h2>\n\n\n<div class=\"wp-block-image\">\n<figure class=\"aligncenter\"><img loading=\"lazy\" decoding=\"async\" width=\"1024\" height=\"768\" src=\"http:\/\/arp83.fr\/wp-content\/uploads\/2019\/12\/IMG_20191222_093927-1024x768.jpg\" alt=\"\" class=\"wp-image-535\" srcset=\"https:\/\/arp83.fr\/wp-content\/uploads\/2019\/12\/IMG_20191222_093927-1024x768.jpg 1024w, https:\/\/arp83.fr\/wp-content\/uploads\/2019\/12\/IMG_20191222_093927-300x225.jpg 300w, https:\/\/arp83.fr\/wp-content\/uploads\/2019\/12\/IMG_20191222_093927-768x576.jpg 768w, https:\/\/arp83.fr\/wp-content\/uploads\/2019\/12\/IMG_20191222_093927.jpg 1200w\" sizes=\"(max-width: 1024px) 100vw, 1024px\" \/><\/figure>\n<\/div>\n\n\n<h2 class=\"wp-block-heading\"> <\/h2>\n\n\n<div class=\"wp-block-image\">\n<figure class=\"aligncenter\"><img loading=\"lazy\" decoding=\"async\" width=\"1024\" height=\"847\" src=\"http:\/\/arp83.fr\/wp-content\/uploads\/2019\/12\/IMG_20191222_093051_site-1-1024x847.jpg\" alt=\"\" class=\"wp-image-534\" srcset=\"https:\/\/arp83.fr\/wp-content\/uploads\/2019\/12\/IMG_20191222_093051_site-1-1024x847.jpg 1024w, https:\/\/arp83.fr\/wp-content\/uploads\/2019\/12\/IMG_20191222_093051_site-1-300x248.jpg 300w, https:\/\/arp83.fr\/wp-content\/uploads\/2019\/12\/IMG_20191222_093051_site-1-768x636.jpg 768w, https:\/\/arp83.fr\/wp-content\/uploads\/2019\/12\/IMG_20191222_093051_site-1.jpg 1200w\" sizes=\"(max-width: 1024px) 100vw, 1024px\" \/><\/figure>\n<\/div>\n\n\n<h2 class=\"wp-block-heading\"> <\/h2>\n\n\n<div class=\"wp-block-image\">\n<figure class=\"aligncenter\"><img loading=\"lazy\" decoding=\"async\" width=\"1200\" height=\"1600\" src=\"http:\/\/arp83.fr\/wp-content\/uploads\/2019\/12\/IMG_20191222_093334.jpg\" alt=\"\" class=\"wp-image-536\" srcset=\"https:\/\/arp83.fr\/wp-content\/uploads\/2019\/12\/IMG_20191222_093334.jpg 1200w, https:\/\/arp83.fr\/wp-content\/uploads\/2019\/12\/IMG_20191222_093334-225x300.jpg 225w, https:\/\/arp83.fr\/wp-content\/uploads\/2019\/12\/IMG_20191222_093334-768x1024.jpg 768w\" sizes=\"(max-width: 1200px) 100vw, 1200px\" \/><\/figure>\n<\/div>\n\n\n<h2 class=\"wp-block-heading\"> <\/h2>\n\n\n<div class=\"wp-block-image\">\n<figure class=\"aligncenter\"><img loading=\"lazy\" decoding=\"async\" width=\"1200\" height=\"1037\" src=\"http:\/\/arp83.fr\/wp-content\/uploads\/2019\/12\/IMG_20191222_093947.jpg\" alt=\"\" class=\"wp-image-537\" srcset=\"https:\/\/arp83.fr\/wp-content\/uploads\/2019\/12\/IMG_20191222_093947.jpg 1200w, https:\/\/arp83.fr\/wp-content\/uploads\/2019\/12\/IMG_20191222_093947-300x259.jpg 300w, https:\/\/arp83.fr\/wp-content\/uploads\/2019\/12\/IMG_20191222_093947-768x664.jpg 768w, https:\/\/arp83.fr\/wp-content\/uploads\/2019\/12\/IMG_20191222_093947-1024x885.jpg 1024w\" sizes=\"(max-width: 1200px) 100vw, 1200px\" \/><\/figure>\n<\/div>\n\n\n<p><\/p>\n\n\n\n<h3 class=\"wp-block-heading has-text-align-center\"><strong>Prix des structures seules (hors co\u00fbt des optiques et du Porte Oculaire.)<\/strong><\/h3>\n\n\n\n<h3 class=\"wp-block-heading has-text-align-center\"><strong>Dobson 400 mm (tube carbone 25 mm) : 5300 Euros<\/strong><\/h3>\n\n\n\n<h3 class=\"wp-block-heading has-text-align-center\"><strong>Dobson 450 mm (tube carbone 30 mm) : 6200 Euros<\/strong><\/h3>\n\n\n\n<h3 class=\"wp-block-heading has-text-align-center\"><strong>Dobson 500 mm (tube carbone 35 mm) : 6800 Euros<\/strong><\/h3>\n\n\n\n<h3 class=\"wp-block-heading has-text-align-center\"><strong>Dobson 600 mm (tube carbone 35 mm) : 7200 Euros<\/strong><\/h3>\n\n\n\n<h3 class=\"wp-block-heading has-text-align-center\"><strong>Je peux int\u00e9grer \u00e0 ces structures une motorisation Altaz Skywatcher Synscan. Je peux aussi motoriser la structure avec toute autre motorisation fournie par le client. Les tarifs sont donc donn\u00e9s \u00e0 titre indicatif et pourront varier en fonction des choix du client (mat\u00e9riaux, syst\u00e8me de brouette, motorisation, etc&#8230;).<\/strong> <strong>N&rsquo;h\u00e9sitez pas \u00e0 me contacter pour d&rsquo;autres diam\u00e8tres et\/ou pour un devis personnalis\u00e9 : contact@arp83.fr<\/strong><\/h3>\n\n\n\n<p><\/p>\n<div id=\"themify_builder_content-466\" data-postid=\"466\" class=\"themify_builder_content themify_builder_content-466 themify_builder\">\n\n    <\/div>\n<!-- \/themify_builder_content -->","protected":false},"excerpt":{"rendered":"<p>Ce Dobson de 520 mm est un exemple de ce que je peux r\u00e9aliser pour n&rsquo;importe quel diam\u00e8tre de miroir. Vue d&rsquo;ensemble : la caisse est ferm\u00e9e avec un couvercle en peuplier. Contre plaqu\u00e9 de bouleau pour toutes les parties en bois + Vernis Marin \u00e0 base de r\u00e9sine polyur\u00e9thane (Syntilor). Tourillons amovibles. Araign\u00e9e en [&hellip;]<\/p>\n","protected":false},"author":1,"featured_media":0,"parent":0,"menu_order":0,"comment_status":"closed","ping_status":"closed","template":"","meta":{"footnotes":""},"class_list":["post-466","page","type-page","status-publish","hentry","has-post-title","has-post-date","has-post-category","has-post-tag","has-post-comment","has-post-author",""],"_links":{"self":[{"href":"https:\/\/arp83.fr\/index.php?rest_route=\/wp\/v2\/pages\/466","targetHints":{"allow":["GET"]}}],"collection":[{"href":"https:\/\/arp83.fr\/index.php?rest_route=\/wp\/v2\/pages"}],"about":[{"href":"https:\/\/arp83.fr\/index.php?rest_route=\/wp\/v2\/types\/page"}],"author":[{"embeddable":true,"href":"https:\/\/arp83.fr\/index.php?rest_route=\/wp\/v2\/users\/1"}],"replies":[{"embeddable":true,"href":"https:\/\/arp83.fr\/index.php?rest_route=%2Fwp%2Fv2%2Fcomments&post=466"}],"version-history":[{"count":134,"href":"https:\/\/arp83.fr\/index.php?rest_route=\/wp\/v2\/pages\/466\/revisions"}],"predecessor-version":[{"id":1644,"href":"https:\/\/arp83.fr\/index.php?rest_route=\/wp\/v2\/pages\/466\/revisions\/1644"}],"wp:attachment":[{"href":"https:\/\/arp83.fr\/index.php?rest_route=%2Fwp%2Fv2%2Fmedia&parent=466"}],"curies":[{"name":"wp","href":"https:\/\/api.w.org\/{rel}","templated":true}]}}