{"id":152,"date":"2018-03-23T08:23:59","date_gmt":"2018-03-23T07:23:59","guid":{"rendered":"http:\/\/arp83.fr\/?page_id=152"},"modified":"2024-04-17T08:44:37","modified_gmt":"2024-04-17T06:44:37","slug":"galerie","status":"publish","type":"page","link":"https:\/\/arp83.fr\/?page_id=152","title":{"rendered":"Galerie"},"content":{"rendered":"<h3 style=\"text-align: center;\"><strong><span style=\"color: #000000;\">Images r\u00e9alis\u00e9es avec mes diff\u00e9rents t\u00e9lescopes :<br \/><\/span><\/strong><\/h3>\n<h3 style=\"text-align: center;\"><strong><span style=\"color: #000000;\">Avec un T400 FD4 sur monture fer \u00e0 cheval<\/span><\/strong><\/h3>\n<p><img fetchpriority=\"high\" decoding=\"async\" class=\"wp-image-189 aligncenter\" src=\"http:\/\/arp83.fr\/wp-content\/uploads\/2018\/03\/m42_1000.jpg\" alt=\"\" width=\"1200\" height=\"801\" srcset=\"https:\/\/arp83.fr\/wp-content\/uploads\/2018\/03\/m42_1000.jpg 1498w, https:\/\/arp83.fr\/wp-content\/uploads\/2018\/03\/m42_1000-300x200.jpg 300w, https:\/\/arp83.fr\/wp-content\/uploads\/2018\/03\/m42_1000-768x513.jpg 768w, https:\/\/arp83.fr\/wp-content\/uploads\/2018\/03\/m42_1000-1024x684.jpg 1024w\" sizes=\"(max-width: 1200px) 100vw, 1200px\" \/><\/p>\n<p><img decoding=\"async\" class=\"wp-image-153 size-full aligncenter\" src=\"http:\/\/arp83.fr\/wp-content\/uploads\/2018\/03\/m64_crop.png\" alt=\"\" width=\"1028\" height=\"632\" srcset=\"https:\/\/arp83.fr\/wp-content\/uploads\/2018\/03\/m64_crop.png 1028w, https:\/\/arp83.fr\/wp-content\/uploads\/2018\/03\/m64_crop-300x184.png 300w, https:\/\/arp83.fr\/wp-content\/uploads\/2018\/03\/m64_crop-768x472.png 768w, https:\/\/arp83.fr\/wp-content\/uploads\/2018\/03\/m64_crop-1024x630.png 1024w\" sizes=\"(max-width: 1028px) 100vw, 1028px\" \/><\/p>\n<h3>&nbsp;<\/h3>\n<h3 style=\"text-align: center;\"><strong><span style=\"color: #000000;\">Avec un T500 FD3.3 sur monture fer \u00e0 cheval<\/span><\/strong><\/h3>\n<h3 style=\"text-align: center;\">&nbsp;<img decoding=\"async\" class=\"wp-image-23 aligncenter\" src=\"http:\/\/arp83.fr\/wp-content\/uploads\/2018\/03\/cropped-M45.jpg\" alt=\"\" width=\"1400\" height=\"839\" srcset=\"https:\/\/arp83.fr\/wp-content\/uploads\/2018\/03\/cropped-M45.jpg 2000w, https:\/\/arp83.fr\/wp-content\/uploads\/2018\/03\/cropped-M45-300x180.jpg 300w, https:\/\/arp83.fr\/wp-content\/uploads\/2018\/03\/cropped-M45-768x460.jpg 768w, https:\/\/arp83.fr\/wp-content\/uploads\/2018\/03\/cropped-M45-1024x614.jpg 1024w\" sizes=\"(max-width: 1400px) 100vw, 1400px\" \/><\/h3>\n<p><img loading=\"lazy\" decoding=\"async\" class=\"wp-image-67 aligncenter\" src=\"http:\/\/arp83.fr\/wp-content\/uploads\/2018\/03\/M33s.jpg\" alt=\"\" width=\"1400\" height=\"1157\" srcset=\"https:\/\/arp83.fr\/wp-content\/uploads\/2018\/03\/M33s.jpg 1592w, https:\/\/arp83.fr\/wp-content\/uploads\/2018\/03\/M33s-300x248.jpg 300w, https:\/\/arp83.fr\/wp-content\/uploads\/2018\/03\/M33s-768x635.jpg 768w, https:\/\/arp83.fr\/wp-content\/uploads\/2018\/03\/M33s-1024x846.jpg 1024w, https:\/\/arp83.fr\/wp-content\/uploads\/2018\/03\/M33s-1200x992.jpg 1200w\" sizes=\"(max-width: 1400px) 100vw, 1400px\" \/><\/p>\n<p><img loading=\"lazy\" decoding=\"async\" class=\"size-full wp-image-84 aligncenter\" src=\"http:\/\/arp83.fr\/wp-content\/uploads\/2018\/03\/dumbell-2550-CS.jpg\" alt=\"\" width=\"1296\" height=\"960\" srcset=\"https:\/\/arp83.fr\/wp-content\/uploads\/2018\/03\/dumbell-2550-CS.jpg 1296w, https:\/\/arp83.fr\/wp-content\/uploads\/2018\/03\/dumbell-2550-CS-300x222.jpg 300w, https:\/\/arp83.fr\/wp-content\/uploads\/2018\/03\/dumbell-2550-CS-768x569.jpg 768w, https:\/\/arp83.fr\/wp-content\/uploads\/2018\/03\/dumbell-2550-CS-1024x759.jpg 1024w\" sizes=\"(max-width: 1296px) 100vw, 1296px\" \/><\/p>\n<p><img loading=\"lazy\" decoding=\"async\" class=\"size-full wp-image-191 aligncenter\" src=\"http:\/\/arp83.fr\/wp-content\/uploads\/2018\/03\/Zeu-1-Lyre-T500-ASI224-5094.jpg\" alt=\"\" width=\"1280\" height=\"941\" srcset=\"https:\/\/arp83.fr\/wp-content\/uploads\/2018\/03\/Zeu-1-Lyre-T500-ASI224-5094.jpg 1280w, https:\/\/arp83.fr\/wp-content\/uploads\/2018\/03\/Zeu-1-Lyre-T500-ASI224-5094-300x221.jpg 300w, https:\/\/arp83.fr\/wp-content\/uploads\/2018\/03\/Zeu-1-Lyre-T500-ASI224-5094-768x565.jpg 768w, https:\/\/arp83.fr\/wp-content\/uploads\/2018\/03\/Zeu-1-Lyre-T500-ASI224-5094-1024x753.jpg 1024w\" sizes=\"(max-width: 1280px) 100vw, 1280px\" \/><\/p>\n<p><img loading=\"lazy\" decoding=\"async\" class=\"size-full wp-image-146 aligncenter\" src=\"http:\/\/arp83.fr\/wp-content\/uploads\/2018\/03\/M31_NB_reduite_1100.jpg\" alt=\"\" width=\"1100\" height=\"723\" srcset=\"https:\/\/arp83.fr\/wp-content\/uploads\/2018\/03\/M31_NB_reduite_1100.jpg 1100w, https:\/\/arp83.fr\/wp-content\/uploads\/2018\/03\/M31_NB_reduite_1100-300x197.jpg 300w, https:\/\/arp83.fr\/wp-content\/uploads\/2018\/03\/M31_NB_reduite_1100-768x505.jpg 768w, https:\/\/arp83.fr\/wp-content\/uploads\/2018\/03\/M31_NB_reduite_1100-1024x673.jpg 1024w\" sizes=\"(max-width: 1100px) 100vw, 1100px\" \/><\/p>\n<p><img loading=\"lazy\" decoding=\"async\" class=\"size-full wp-image-190 aligncenter\" src=\"http:\/\/arp83.fr\/wp-content\/uploads\/2018\/03\/T500_M15_MIX_reduite.jpg\" alt=\"\" width=\"1043\" height=\"948\" srcset=\"https:\/\/arp83.fr\/wp-content\/uploads\/2018\/03\/T500_M15_MIX_reduite.jpg 1043w, https:\/\/arp83.fr\/wp-content\/uploads\/2018\/03\/T500_M15_MIX_reduite-300x273.jpg 300w, https:\/\/arp83.fr\/wp-content\/uploads\/2018\/03\/T500_M15_MIX_reduite-768x698.jpg 768w, https:\/\/arp83.fr\/wp-content\/uploads\/2018\/03\/T500_M15_MIX_reduite-1024x931.jpg 1024w\" sizes=\"(max-width: 1043px) 100vw, 1043px\" \/><\/p>\n<h3 style=\"text-align: center;\"><strong><span style=\"color: #000000;\">Avec une lunette Acro doublet Istar 150 FD15<\/span><\/strong><\/h3>\n<p><img loading=\"lazy\" decoding=\"async\" class=\"size-full wp-image-192 aligncenter\" src=\"http:\/\/arp83.fr\/wp-content\/uploads\/2018\/03\/mosa1.jpg\" alt=\"\" width=\"1029\" height=\"959\" srcset=\"https:\/\/arp83.fr\/wp-content\/uploads\/2018\/03\/mosa1.jpg 1029w, https:\/\/arp83.fr\/wp-content\/uploads\/2018\/03\/mosa1-300x280.jpg 300w, https:\/\/arp83.fr\/wp-content\/uploads\/2018\/03\/mosa1-768x716.jpg 768w, https:\/\/arp83.fr\/wp-content\/uploads\/2018\/03\/mosa1-1024x954.jpg 1024w\" sizes=\"(max-width: 1029px) 100vw, 1029px\" \/><\/p>\n<p><img loading=\"lazy\" decoding=\"async\" class=\"size-full wp-image-193 aligncenter\" src=\"http:\/\/arp83.fr\/wp-content\/uploads\/2018\/03\/lune20110411_2.jpg\" alt=\"\" width=\"954\" height=\"713\" srcset=\"https:\/\/arp83.fr\/wp-content\/uploads\/2018\/03\/lune20110411_2.jpg 954w, https:\/\/arp83.fr\/wp-content\/uploads\/2018\/03\/lune20110411_2-300x224.jpg 300w, https:\/\/arp83.fr\/wp-content\/uploads\/2018\/03\/lune20110411_2-768x574.jpg 768w\" sizes=\"(max-width: 954px) 100vw, 954px\" \/><\/p>\n\n\n<p class=\"has-text-align-center has-text-color\" style=\"color:#000000;font-size:25px\"><strong>Avec un cassegrain 300 mm FD 25<\/strong><\/p>\n\n\n<div class=\"wp-block-image\">\n<figure class=\"aligncenter\"><img loading=\"lazy\" decoding=\"async\" width=\"917\" height=\"545\" src=\"http:\/\/arp83.fr\/wp-content\/uploads\/2018\/07\/Moon_211329_AS_F200_bin.jpg\" alt=\"\" class=\"wp-image-327\" srcset=\"https:\/\/arp83.fr\/wp-content\/uploads\/2018\/07\/Moon_211329_AS_F200_bin.jpg 917w, https:\/\/arp83.fr\/wp-content\/uploads\/2018\/07\/Moon_211329_AS_F200_bin-300x178.jpg 300w, https:\/\/arp83.fr\/wp-content\/uploads\/2018\/07\/Moon_211329_AS_F200_bin-768x456.jpg 768w\" sizes=\"(max-width: 917px) 100vw, 917px\" \/><\/figure>\n<\/div>\n\n\n<h2 class=\"wp-block-heading\"><\/h2>\n\n\n<div class=\"wp-block-image\">\n<figure class=\"aligncenter\"><img loading=\"lazy\" decoding=\"async\" width=\"600\" height=\"410\" src=\"http:\/\/arp83.fr\/wp-content\/uploads\/2018\/07\/Sat_001532_AS_F1200_finale.jpg\" alt=\"\" class=\"wp-image-326\" srcset=\"https:\/\/arp83.fr\/wp-content\/uploads\/2018\/07\/Sat_001532_AS_F1200_finale.jpg 600w, https:\/\/arp83.fr\/wp-content\/uploads\/2018\/07\/Sat_001532_AS_F1200_finale-300x205.jpg 300w\" sizes=\"(max-width: 600px) 100vw, 600px\" \/><\/figure>\n<\/div>\n\n\n<h2 class=\"wp-block-heading\"><\/h2>\n\n\n<div class=\"wp-block-image\">\n<figure class=\"aligncenter\"><img loading=\"lazy\" decoding=\"async\" width=\"1024\" height=\"532\" src=\"http:\/\/arp83.fr\/wp-content\/uploads\/2018\/07\/Jup_213754_AS_F3000_lapl4_ap156-1024x532.jpg\" alt=\"\" class=\"wp-image-325\" srcset=\"https:\/\/arp83.fr\/wp-content\/uploads\/2018\/07\/Jup_213754_AS_F3000_lapl4_ap156-1024x532.jpg 1024w, https:\/\/arp83.fr\/wp-content\/uploads\/2018\/07\/Jup_213754_AS_F3000_lapl4_ap156-300x156.jpg 300w, https:\/\/arp83.fr\/wp-content\/uploads\/2018\/07\/Jup_213754_AS_F3000_lapl4_ap156-768x399.jpg 768w, https:\/\/arp83.fr\/wp-content\/uploads\/2018\/07\/Jup_213754_AS_F3000_lapl4_ap156.jpg 1300w\" sizes=\"(max-width: 1024px) 100vw, 1024px\" \/><\/figure>\n<\/div>\n\n\n<h2 class=\"wp-block-heading\"><\/h2>\n\n\n<div class=\"wp-block-image\">\n<figure class=\"aligncenter\"><img loading=\"lazy\" decoding=\"async\" width=\"838\" height=\"338\" src=\"http:\/\/arp83.fr\/wp-content\/uploads\/2018\/07\/Jup_213322.jpg\" alt=\"\" class=\"wp-image-321\" srcset=\"https:\/\/arp83.fr\/wp-content\/uploads\/2018\/07\/Jup_213322.jpg 838w, https:\/\/arp83.fr\/wp-content\/uploads\/2018\/07\/Jup_213322-300x121.jpg 300w, https:\/\/arp83.fr\/wp-content\/uploads\/2018\/07\/Jup_213322-768x310.jpg 768w\" sizes=\"(max-width: 838px) 100vw, 838px\" \/><\/figure>\n<\/div>\n\n\n<h2 class=\"wp-block-heading\"><\/h2>\n\n\n<div class=\"wp-block-image\">\n<figure class=\"aligncenter\"><img loading=\"lazy\" decoding=\"async\" width=\"835\" height=\"326\" src=\"http:\/\/arp83.fr\/wp-content\/uploads\/2018\/07\/Jup_215905.jpg\" alt=\"\" class=\"wp-image-322\" srcset=\"https:\/\/arp83.fr\/wp-content\/uploads\/2018\/07\/Jup_215905.jpg 835w, https:\/\/arp83.fr\/wp-content\/uploads\/2018\/07\/Jup_215905-300x117.jpg 300w, https:\/\/arp83.fr\/wp-content\/uploads\/2018\/07\/Jup_215905-768x300.jpg 768w\" sizes=\"(max-width: 835px) 100vw, 835px\" \/><\/figure>\n<\/div>\n\n\n<h2 class=\"wp-block-heading\"><\/h2>\n\n\n<div class=\"wp-block-image\">\n<figure class=\"aligncenter size-full is-resized\"><img loading=\"lazy\" decoding=\"async\" width=\"538\" height=\"382\" src=\"https:\/\/arp83.fr\/wp-content\/uploads\/2019\/07\/Jup_235322_AS_f1000_g4_ap114-1.jpg\" alt=\"\" class=\"wp-image-435\" style=\"width:538px\" srcset=\"https:\/\/arp83.fr\/wp-content\/uploads\/2019\/07\/Jup_235322_AS_f1000_g4_ap114-1.jpg 538w, https:\/\/arp83.fr\/wp-content\/uploads\/2019\/07\/Jup_235322_AS_f1000_g4_ap114-1-300x213.jpg 300w\" sizes=\"(max-width: 538px) 100vw, 538px\" \/><\/figure>\n<\/div>\n\n\n<h3 class=\"wp-block-heading has-text-align-center\"><strong>Avec un cassegrain 515 mm FD 8<\/strong><\/h3>\n\n\n<div class=\"wp-block-image\">\n<figure class=\"aligncenter size-full\"><img loading=\"lazy\" decoding=\"async\" width=\"1200\" height=\"1027\" src=\"http:\/\/arp83.fr\/wp-content\/uploads\/2020\/06\/Moon_223425_1200x1200.jpg\" alt=\"\" class=\"wp-image-712\" srcset=\"https:\/\/arp83.fr\/wp-content\/uploads\/2020\/06\/Moon_223425_1200x1200.jpg 1200w, https:\/\/arp83.fr\/wp-content\/uploads\/2020\/06\/Moon_223425_1200x1200-300x257.jpg 300w, https:\/\/arp83.fr\/wp-content\/uploads\/2020\/06\/Moon_223425_1200x1200-1024x876.jpg 1024w, https:\/\/arp83.fr\/wp-content\/uploads\/2020\/06\/Moon_223425_1200x1200-768x657.jpg 768w\" sizes=\"(max-width: 1200px) 100vw, 1200px\" \/><\/figure>\n<\/div>\n\n\n<h2 class=\"wp-block-heading\"><\/h2>\n\n\n<div class=\"wp-block-image\">\n<figure class=\"aligncenter size-large\"><img loading=\"lazy\" decoding=\"async\" width=\"326\" height=\"326\" src=\"http:\/\/arp83.fr\/wp-content\/uploads\/2020\/11\/Mars_222818_Mix_couleur_IR_reduite-1.jpg\" alt=\"\" class=\"wp-image-785\" srcset=\"https:\/\/arp83.fr\/wp-content\/uploads\/2020\/11\/Mars_222818_Mix_couleur_IR_reduite-1.jpg 326w, https:\/\/arp83.fr\/wp-content\/uploads\/2020\/11\/Mars_222818_Mix_couleur_IR_reduite-1-300x300.jpg 300w, https:\/\/arp83.fr\/wp-content\/uploads\/2020\/11\/Mars_222818_Mix_couleur_IR_reduite-1-150x150.jpg 150w\" sizes=\"(max-width: 326px) 100vw, 326px\" \/><\/figure>\n<\/div>\n\n\n<h3 class=\"wp-block-heading has-text-align-center\"><strong> Avec un DK 200 mm FD 16<\/strong> <\/h3>\n\n\n<div class=\"wp-block-image\">\n<figure class=\"aligncenter size-full\"><img loading=\"lazy\" decoding=\"async\" width=\"608\" height=\"352\" src=\"https:\/\/arp83.fr\/wp-content\/uploads\/2021\/09\/1_Sat_221008_AS_F4000_lapl6_ap239_registaxLRGB_resize.jpg\" alt=\"\" class=\"wp-image-1018\" srcset=\"https:\/\/arp83.fr\/wp-content\/uploads\/2021\/09\/1_Sat_221008_AS_F4000_lapl6_ap239_registaxLRGB_resize.jpg 608w, https:\/\/arp83.fr\/wp-content\/uploads\/2021\/09\/1_Sat_221008_AS_F4000_lapl6_ap239_registaxLRGB_resize-300x174.jpg 300w\" sizes=\"(max-width: 608px) 100vw, 608px\" \/><\/figure>\n<\/div>\n\n\n<h2 class=\"wp-block-heading\"><\/h2>\n\n\n<div class=\"wp-block-image\">\n<figure class=\"aligncenter size-full\"><img loading=\"lazy\" decoding=\"async\" width=\"464\" height=\"408\" src=\"https:\/\/arp83.fr\/wp-content\/uploads\/2021\/08\/Jup_221953_AS_F3000_lapl6_ap175_balance_registax.jpg\" alt=\"\" class=\"wp-image-1000\" srcset=\"https:\/\/arp83.fr\/wp-content\/uploads\/2021\/08\/Jup_221953_AS_F3000_lapl6_ap175_balance_registax.jpg 464w, https:\/\/arp83.fr\/wp-content\/uploads\/2021\/08\/Jup_221953_AS_F3000_lapl6_ap175_balance_registax-300x264.jpg 300w\" sizes=\"(max-width: 464px) 100vw, 464px\" \/><\/figure>\n<\/div>\n\n\n<h2 class=\"wp-block-heading\"><\/h2>\n\n\n<div class=\"wp-block-image\">\n<figure class=\"aligncenter size-full\"><img loading=\"lazy\" decoding=\"async\" width=\"592\" height=\"496\" src=\"https:\/\/arp83.fr\/wp-content\/uploads\/2021\/09\/Jup_225737_AS_F2000_lapl6_ap160.jpg\" alt=\"\" class=\"wp-image-1019\" srcset=\"https:\/\/arp83.fr\/wp-content\/uploads\/2021\/09\/Jup_225737_AS_F2000_lapl6_ap160.jpg 592w, https:\/\/arp83.fr\/wp-content\/uploads\/2021\/09\/Jup_225737_AS_F2000_lapl6_ap160-300x251.jpg 300w\" sizes=\"(max-width: 592px) 100vw, 592px\" \/><\/figure>\n<\/div><div id=\"themify_builder_content-152\" data-postid=\"152\" class=\"themify_builder_content themify_builder_content-152 themify_builder\">\n\n    <\/div>\n<!-- \/themify_builder_content -->","protected":false},"excerpt":{"rendered":"<p>Images r\u00e9alis\u00e9es avec mes diff\u00e9rents t\u00e9lescopes : Avec un T400 FD4 sur monture fer \u00e0 cheval &nbsp; Avec un T500 FD3.3 sur monture fer \u00e0 cheval &nbsp; Avec une lunette Acro doublet Istar 150 FD15 Avec un cassegrain 300 mm FD 25 Avec un cassegrain 515 mm FD 8 Avec un DK 200 mm FD [&hellip;]<\/p>\n","protected":false},"author":1,"featured_media":0,"parent":0,"menu_order":0,"comment_status":"closed","ping_status":"closed","template":"","meta":{"footnotes":""},"class_list":["post-152","page","type-page","status-publish","hentry","has-post-title","has-post-date","has-post-category","has-post-tag","has-post-comment","has-post-author",""],"_links":{"self":[{"href":"https:\/\/arp83.fr\/index.php?rest_route=\/wp\/v2\/pages\/152","targetHints":{"allow":["GET"]}}],"collection":[{"href":"https:\/\/arp83.fr\/index.php?rest_route=\/wp\/v2\/pages"}],"about":[{"href":"https:\/\/arp83.fr\/index.php?rest_route=\/wp\/v2\/types\/page"}],"author":[{"embeddable":true,"href":"https:\/\/arp83.fr\/index.php?rest_route=\/wp\/v2\/users\/1"}],"replies":[{"embeddable":true,"href":"https:\/\/arp83.fr\/index.php?rest_route=%2Fwp%2Fv2%2Fcomments&post=152"}],"version-history":[{"count":27,"href":"https:\/\/arp83.fr\/index.php?rest_route=\/wp\/v2\/pages\/152\/revisions"}],"predecessor-version":[{"id":1641,"href":"https:\/\/arp83.fr\/index.php?rest_route=\/wp\/v2\/pages\/152\/revisions\/1641"}],"wp:attachment":[{"href":"https:\/\/arp83.fr\/index.php?rest_route=%2Fwp%2Fv2%2Fmedia&parent=152"}],"curies":[{"name":"wp","href":"https:\/\/api.w.org\/{rel}","templated":true}]}}