{"id":1387,"date":"2023-07-17T09:06:35","date_gmt":"2023-07-17T07:06:35","guid":{"rendered":"https:\/\/arp83.fr\/?page_id=1387"},"modified":"2024-04-16T07:56:45","modified_gmt":"2024-04-16T05:56:45","slug":"dobson-motorise-altaz","status":"publish","type":"page","link":"https:\/\/arp83.fr\/?page_id=1387","title":{"rendered":"Dobson Motoris\u00e9 AlTaz"},"content":{"rendered":"\n<h3 class=\"wp-block-heading has-text-align-center\"><strong>Dobson Motoris\u00e9 AlTaz<\/strong><\/h3>\n\n\n\n<h3 class=\"wp-block-heading has-text-align-center\"><strong>400 mm FD 5, optiques <\/strong><a href=\"http:\/\/www.mirro-sphere.com\/\"><strong>Mirro-Sph\u00e8re<\/strong><\/a><strong>, obstruction 0,16 , araign\u00e9e 3 branches, primaire ventil\u00e9, serrurier carbone, porte oculaire Baader, motorisation Synscan Skywatcher d\u00e9brayable.<\/strong><\/h3>\n\n\n<div class=\"wp-block-image\">\n<figure class=\"aligncenter size-full is-resized\"><img fetchpriority=\"high\" decoding=\"async\" width=\"1200\" height=\"1929\" src=\"https:\/\/arp83.fr\/wp-content\/uploads\/2023\/07\/20230713_083847-1.jpg\" alt=\"\" class=\"wp-image-1402\" style=\"width:1200px\" srcset=\"https:\/\/arp83.fr\/wp-content\/uploads\/2023\/07\/20230713_083847-1.jpg 1200w, https:\/\/arp83.fr\/wp-content\/uploads\/2023\/07\/20230713_083847-1-187x300.jpg 187w, https:\/\/arp83.fr\/wp-content\/uploads\/2023\/07\/20230713_083847-1-637x1024.jpg 637w, https:\/\/arp83.fr\/wp-content\/uploads\/2023\/07\/20230713_083847-1-768x1235.jpg 768w, https:\/\/arp83.fr\/wp-content\/uploads\/2023\/07\/20230713_083847-1-956x1536.jpg 956w\" sizes=\"(max-width: 1200px) 100vw, 1200px\" \/><\/figure>\n<\/div>\n\n\n<p><\/p>\n\n\n<div class=\"wp-block-image\">\n<figure class=\"aligncenter size-full is-resized\"><img decoding=\"async\" width=\"1200\" height=\"1340\" src=\"https:\/\/arp83.fr\/wp-content\/uploads\/2023\/07\/20230713_083853.jpg\" alt=\"\" class=\"wp-image-1392\" style=\"width:1200px\" srcset=\"https:\/\/arp83.fr\/wp-content\/uploads\/2023\/07\/20230713_083853.jpg 1200w, https:\/\/arp83.fr\/wp-content\/uploads\/2023\/07\/20230713_083853-269x300.jpg 269w, https:\/\/arp83.fr\/wp-content\/uploads\/2023\/07\/20230713_083853-917x1024.jpg 917w, https:\/\/arp83.fr\/wp-content\/uploads\/2023\/07\/20230713_083853-768x858.jpg 768w\" sizes=\"(max-width: 1200px) 100vw, 1200px\" \/><\/figure>\n<\/div>\n\n\n<p><\/p>\n\n\n<div class=\"wp-block-image\">\n<figure class=\"aligncenter size-full is-resized\"><img decoding=\"async\" width=\"1200\" height=\"1656\" src=\"https:\/\/arp83.fr\/wp-content\/uploads\/2023\/07\/20230713_083920.jpg\" alt=\"\" class=\"wp-image-1395\" style=\"width:1200px\" srcset=\"https:\/\/arp83.fr\/wp-content\/uploads\/2023\/07\/20230713_083920.jpg 1200w, https:\/\/arp83.fr\/wp-content\/uploads\/2023\/07\/20230713_083920-217x300.jpg 217w, https:\/\/arp83.fr\/wp-content\/uploads\/2023\/07\/20230713_083920-742x1024.jpg 742w, https:\/\/arp83.fr\/wp-content\/uploads\/2023\/07\/20230713_083920-768x1060.jpg 768w, https:\/\/arp83.fr\/wp-content\/uploads\/2023\/07\/20230713_083920-1113x1536.jpg 1113w\" sizes=\"(max-width: 1200px) 100vw, 1200px\" \/><\/figure>\n<\/div>\n\n\n<p><\/p>\n\n\n<div class=\"wp-block-image\">\n<figure class=\"aligncenter size-full is-resized\"><img loading=\"lazy\" decoding=\"async\" width=\"1200\" height=\"935\" src=\"https:\/\/arp83.fr\/wp-content\/uploads\/2023\/07\/20230716_101606-1.jpg\" alt=\"\" class=\"wp-image-1409\" style=\"width:1200px\" srcset=\"https:\/\/arp83.fr\/wp-content\/uploads\/2023\/07\/20230716_101606-1.jpg 1200w, https:\/\/arp83.fr\/wp-content\/uploads\/2023\/07\/20230716_101606-1-300x234.jpg 300w, https:\/\/arp83.fr\/wp-content\/uploads\/2023\/07\/20230716_101606-1-1024x798.jpg 1024w, https:\/\/arp83.fr\/wp-content\/uploads\/2023\/07\/20230716_101606-1-768x598.jpg 768w\" sizes=\"(max-width: 1200px) 100vw, 1200px\" \/><\/figure>\n<\/div>\n\n\n<p><\/p>\n\n\n<div class=\"wp-block-image\">\n<figure class=\"aligncenter size-full is-resized\"><img loading=\"lazy\" decoding=\"async\" width=\"1200\" height=\"1824\" src=\"https:\/\/arp83.fr\/wp-content\/uploads\/2023\/07\/20230713_083429-2.jpg\" alt=\"\" class=\"wp-image-1412\" style=\"width:1200px\" srcset=\"https:\/\/arp83.fr\/wp-content\/uploads\/2023\/07\/20230713_083429-2.jpg 1200w, https:\/\/arp83.fr\/wp-content\/uploads\/2023\/07\/20230713_083429-2-197x300.jpg 197w, https:\/\/arp83.fr\/wp-content\/uploads\/2023\/07\/20230713_083429-2-674x1024.jpg 674w, https:\/\/arp83.fr\/wp-content\/uploads\/2023\/07\/20230713_083429-2-768x1167.jpg 768w, https:\/\/arp83.fr\/wp-content\/uploads\/2023\/07\/20230713_083429-2-1011x1536.jpg 1011w\" sizes=\"(max-width: 1200px) 100vw, 1200px\" \/><\/figure>\n<\/div>\n\n\n<p><\/p>\n\n\n<div class=\"wp-block-image\">\n<figure class=\"aligncenter size-full is-resized\"><img loading=\"lazy\" decoding=\"async\" width=\"1200\" height=\"1539\" src=\"https:\/\/arp83.fr\/wp-content\/uploads\/2023\/07\/20230713_083443-1.jpg\" alt=\"\" class=\"wp-image-1413\" style=\"width:1200px\" srcset=\"https:\/\/arp83.fr\/wp-content\/uploads\/2023\/07\/20230713_083443-1.jpg 1200w, https:\/\/arp83.fr\/wp-content\/uploads\/2023\/07\/20230713_083443-1-234x300.jpg 234w, https:\/\/arp83.fr\/wp-content\/uploads\/2023\/07\/20230713_083443-1-798x1024.jpg 798w, https:\/\/arp83.fr\/wp-content\/uploads\/2023\/07\/20230713_083443-1-768x985.jpg 768w, https:\/\/arp83.fr\/wp-content\/uploads\/2023\/07\/20230713_083443-1-1198x1536.jpg 1198w\" sizes=\"(max-width: 1200px) 100vw, 1200px\" \/><\/figure>\n<\/div>\n\n\n<p><\/p>\n\n\n<div class=\"wp-block-image\">\n<figure class=\"aligncenter size-full is-resized\"><img loading=\"lazy\" decoding=\"async\" width=\"1200\" height=\"1252\" src=\"https:\/\/arp83.fr\/wp-content\/uploads\/2023\/07\/20230713_083533-1.jpg\" alt=\"\" class=\"wp-image-1414\" style=\"width:1200px\" srcset=\"https:\/\/arp83.fr\/wp-content\/uploads\/2023\/07\/20230713_083533-1.jpg 1200w, https:\/\/arp83.fr\/wp-content\/uploads\/2023\/07\/20230713_083533-1-288x300.jpg 288w, https:\/\/arp83.fr\/wp-content\/uploads\/2023\/07\/20230713_083533-1-981x1024.jpg 981w, https:\/\/arp83.fr\/wp-content\/uploads\/2023\/07\/20230713_083533-1-768x801.jpg 768w\" sizes=\"(max-width: 1200px) 100vw, 1200px\" \/><\/figure>\n<\/div>\n\n\n<p><\/p>\n\n\n<div class=\"wp-block-image\">\n<figure class=\"aligncenter size-full is-resized\"><img loading=\"lazy\" decoding=\"async\" width=\"1200\" height=\"1125\" src=\"https:\/\/arp83.fr\/wp-content\/uploads\/2023\/07\/20230713_083615-1.jpg\" alt=\"\" class=\"wp-image-1415\" style=\"width:1200px\" srcset=\"https:\/\/arp83.fr\/wp-content\/uploads\/2023\/07\/20230713_083615-1.jpg 1200w, https:\/\/arp83.fr\/wp-content\/uploads\/2023\/07\/20230713_083615-1-300x281.jpg 300w, https:\/\/arp83.fr\/wp-content\/uploads\/2023\/07\/20230713_083615-1-1024x960.jpg 1024w, https:\/\/arp83.fr\/wp-content\/uploads\/2023\/07\/20230713_083615-1-768x720.jpg 768w\" sizes=\"(max-width: 1200px) 100vw, 1200px\" \/><\/figure>\n<\/div>\n\n\n<p><\/p>\n\n\n<div class=\"wp-block-image\">\n<figure class=\"aligncenter size-full is-resized\"><img loading=\"lazy\" decoding=\"async\" width=\"1200\" height=\"1154\" src=\"https:\/\/arp83.fr\/wp-content\/uploads\/2023\/07\/20230713_083713-2.jpg\" alt=\"\" class=\"wp-image-1417\" style=\"width:1200px\" srcset=\"https:\/\/arp83.fr\/wp-content\/uploads\/2023\/07\/20230713_083713-2.jpg 1200w, https:\/\/arp83.fr\/wp-content\/uploads\/2023\/07\/20230713_083713-2-300x289.jpg 300w, https:\/\/arp83.fr\/wp-content\/uploads\/2023\/07\/20230713_083713-2-1024x985.jpg 1024w, https:\/\/arp83.fr\/wp-content\/uploads\/2023\/07\/20230713_083713-2-768x739.jpg 768w\" sizes=\"(max-width: 1200px) 100vw, 1200px\" \/><\/figure>\n<\/div>\n\n\n<p><\/p>\n\n\n\n<h3 class=\"wp-block-heading has-text-align-center\"><strong>Le premier test de la motorisation lors de la premi\u00e8re lumi\u00e8re ! Film r\u00e9alis\u00e9 le soir sur Antares et le matin sur la lune apr\u00e8s le lever du soleil au foyer avec un Nikon Z6 II. <\/strong><\/h3>\n\n\n\n<div class=\"wp-block-group\"><div class=\"wp-block-group__inner-container is-layout-constrained wp-block-group-is-layout-constrained\">\n<div class=\"wp-block-columns are-vertically-aligned-center is-layout-flex wp-container-core-columns-is-layout-9d6595d7 wp-block-columns-is-layout-flex\">\n<div class=\"wp-block-column is-vertically-aligned-center is-layout-flow wp-block-column-is-layout-flow\" style=\"flex-basis:45%\">\n<figure class=\"wp-block-embed aligncenter is-type-video is-provider-youtube wp-block-embed-youtube wp-embed-aspect-16-9 wp-has-aspect-ratio\"><div class=\"wp-block-embed__wrapper\">\n<div class=\"post-video\"><iframe title=\"La lune au foyer du dobson 400 FD 5 ARP83\" width=\"1165\" height=\"655\" src=\"https:\/\/www.youtube.com\/embed\/muKQoGRIuIw?wmode=transparent&#038;fs=1\"  allow=\"accelerometer; autoplay; clipboard-write; encrypted-media; gyroscope; picture-in-picture; web-share\" referrerpolicy=\"strict-origin-when-cross-origin\" allowfullscreen><\/iframe><\/div>\n<\/div><\/figure>\n<\/div>\n\n\n\n<div class=\"wp-block-column is-vertically-aligned-center is-layout-flow wp-block-column-is-layout-flow\" style=\"flex-basis:45%\">\n<figure class=\"wp-block-embed is-type-video is-provider-youtube wp-block-embed-youtube wp-embed-aspect-16-9 wp-has-aspect-ratio\"><div class=\"wp-block-embed__wrapper\">\n<div class=\"post-video\"><iframe title=\"Suivi Altaz sur Antares, dobson 400 FD 5 ARP83\" width=\"1165\" height=\"655\" src=\"https:\/\/www.youtube.com\/embed\/meq7z01rId4?wmode=transparent&#038;fs=1\"  allow=\"accelerometer; autoplay; clipboard-write; encrypted-media; gyroscope; picture-in-picture; web-share\" referrerpolicy=\"strict-origin-when-cross-origin\" allowfullscreen><\/iframe><\/div>\n<\/div><\/figure>\n<\/div>\n<\/div>\n<\/div><\/div>\n\n\n\n<h3 class=\"wp-block-heading has-text-align-center\"><strong>Quelques images en \u00ab\u00a0lucky imaging\u00a0\u00bb<\/strong> <strong>avec une ZWO290<\/strong><\/h3>\n\n\n<div class=\"wp-block-image\">\n<figure class=\"aligncenter size-full\"><img loading=\"lazy\" decoding=\"async\" width=\"1389\" height=\"820\" src=\"https:\/\/arp83.fr\/wp-content\/uploads\/2023\/08\/Blue-Flash-30-min.jpg\" alt=\"\" class=\"wp-image-1571\" srcset=\"https:\/\/arp83.fr\/wp-content\/uploads\/2023\/08\/Blue-Flash-30-min.jpg 1389w, https:\/\/arp83.fr\/wp-content\/uploads\/2023\/08\/Blue-Flash-30-min-300x177.jpg 300w, https:\/\/arp83.fr\/wp-content\/uploads\/2023\/08\/Blue-Flash-30-min-1024x605.jpg 1024w, https:\/\/arp83.fr\/wp-content\/uploads\/2023\/08\/Blue-Flash-30-min-768x453.jpg 768w\" sizes=\"(max-width: 1389px) 100vw, 1389px\" \/><\/figure>\n<\/div>\n\n\n<h2 class=\"wp-block-heading\"><\/h2>\n\n\n<div class=\"wp-block-image\">\n<figure class=\"aligncenter size-full\"><img loading=\"lazy\" decoding=\"async\" width=\"1500\" height=\"824\" src=\"https:\/\/arp83.fr\/wp-content\/uploads\/2023\/08\/M16-20-min.jpg\" alt=\"\" class=\"wp-image-1572\" srcset=\"https:\/\/arp83.fr\/wp-content\/uploads\/2023\/08\/M16-20-min.jpg 1500w, https:\/\/arp83.fr\/wp-content\/uploads\/2023\/08\/M16-20-min-300x165.jpg 300w, https:\/\/arp83.fr\/wp-content\/uploads\/2023\/08\/M16-20-min-1024x563.jpg 1024w, https:\/\/arp83.fr\/wp-content\/uploads\/2023\/08\/M16-20-min-768x422.jpg 768w\" sizes=\"(max-width: 1500px) 100vw, 1500px\" \/><\/figure>\n<\/div>\n\n\n<h2 class=\"wp-block-heading\"><\/h2>\n\n\n<div class=\"wp-block-image\">\n<figure class=\"aligncenter size-full\"><img loading=\"lazy\" decoding=\"async\" width=\"1462\" height=\"795\" src=\"https:\/\/arp83.fr\/wp-content\/uploads\/2023\/08\/M15-15-min.jpg\" alt=\"\" class=\"wp-image-1573\" srcset=\"https:\/\/arp83.fr\/wp-content\/uploads\/2023\/08\/M15-15-min.jpg 1462w, https:\/\/arp83.fr\/wp-content\/uploads\/2023\/08\/M15-15-min-300x163.jpg 300w, https:\/\/arp83.fr\/wp-content\/uploads\/2023\/08\/M15-15-min-1024x557.jpg 1024w, https:\/\/arp83.fr\/wp-content\/uploads\/2023\/08\/M15-15-min-768x418.jpg 768w\" sizes=\"(max-width: 1462px) 100vw, 1462px\" \/><\/figure>\n<\/div>\n\n\n<p><\/p>\n\n\n\n<h3 class=\"wp-block-heading has-text-align-center\"><strong>Jupiter avec une Barlow X3 Televue, une ASI ZWO 290 et Filtre IR 807<\/strong><\/h3>\n\n\n<div class=\"wp-block-image\">\n<figure class=\"aligncenter size-full\"><img loading=\"lazy\" decoding=\"async\" width=\"700\" height=\"595\" src=\"https:\/\/arp83.fr\/wp-content\/uploads\/2023\/09\/Jup_052404_AS_F3000_lapl6_ap442_reduite.jpg\" alt=\"\" class=\"wp-image-1580\" srcset=\"https:\/\/arp83.fr\/wp-content\/uploads\/2023\/09\/Jup_052404_AS_F3000_lapl6_ap442_reduite.jpg 700w, https:\/\/arp83.fr\/wp-content\/uploads\/2023\/09\/Jup_052404_AS_F3000_lapl6_ap442_reduite-300x255.jpg 300w\" sizes=\"(max-width: 700px) 100vw, 700px\" \/><\/figure>\n<\/div>\n\n\n<p><\/p>\n\n\n\n<h3 class=\"wp-block-heading has-text-align-center\"><strong>La lune avec une Barlow X2 et une camera Player One Saturn-c<\/strong><\/h3>\n\n\n<div class=\"wp-block-image\">\n<figure class=\"aligncenter size-full is-resized\"><img loading=\"lazy\" decoding=\"async\" width=\"2560\" height=\"2543\" src=\"https:\/\/arp83.fr\/wp-content\/uploads\/2024\/04\/2024-04-14-1849-scaled.jpg\" alt=\"\" class=\"wp-image-1604\" style=\"width:1300px\" srcset=\"https:\/\/arp83.fr\/wp-content\/uploads\/2024\/04\/2024-04-14-1849-scaled.jpg 2560w, https:\/\/arp83.fr\/wp-content\/uploads\/2024\/04\/2024-04-14-1849-300x298.jpg 300w, https:\/\/arp83.fr\/wp-content\/uploads\/2024\/04\/2024-04-14-1849-1024x1017.jpg 1024w, https:\/\/arp83.fr\/wp-content\/uploads\/2024\/04\/2024-04-14-1849-150x150.jpg 150w, https:\/\/arp83.fr\/wp-content\/uploads\/2024\/04\/2024-04-14-1849-768x763.jpg 768w, https:\/\/arp83.fr\/wp-content\/uploads\/2024\/04\/2024-04-14-1849-1536x1526.jpg 1536w, https:\/\/arp83.fr\/wp-content\/uploads\/2024\/04\/2024-04-14-1849-2048x2034.jpg 2048w\" sizes=\"(max-width: 2560px) 100vw, 2560px\" \/><\/figure>\n<\/div>\n\n\n<p><\/p>\n\n\n\n<h3 class=\"wp-block-heading has-text-align-center\"><strong>La lune avec une camera Player One Saturn-c<\/strong><\/h3>\n\n\n<div class=\"wp-block-image\">\n<figure class=\"aligncenter size-full is-resized\"><img loading=\"lazy\" decoding=\"async\" width=\"1507\" height=\"2560\" src=\"https:\/\/arp83.fr\/wp-content\/uploads\/2024\/04\/Mosaique_Astrosurface_CS-scaled.jpg\" alt=\"\" class=\"wp-image-1613\" style=\"width:1300px\" srcset=\"https:\/\/arp83.fr\/wp-content\/uploads\/2024\/04\/Mosaique_Astrosurface_CS-scaled.jpg 1507w, https:\/\/arp83.fr\/wp-content\/uploads\/2024\/04\/Mosaique_Astrosurface_CS-177x300.jpg 177w, https:\/\/arp83.fr\/wp-content\/uploads\/2024\/04\/Mosaique_Astrosurface_CS-603x1024.jpg 603w, https:\/\/arp83.fr\/wp-content\/uploads\/2024\/04\/Mosaique_Astrosurface_CS-768x1304.jpg 768w, https:\/\/arp83.fr\/wp-content\/uploads\/2024\/04\/Mosaique_Astrosurface_CS-904x1536.jpg 904w, https:\/\/arp83.fr\/wp-content\/uploads\/2024\/04\/Mosaique_Astrosurface_CS-1206x2048.jpg 1206w\" sizes=\"(max-width: 1507px) 100vw, 1507px\" \/><\/figure>\n<\/div>\n\n\n<p><\/p>\n\n\n\n<h3 class=\"wp-block-heading has-text-align-center\"><strong>Si vous \u00eates int\u00e9ress\u00e9 par ce dobson vous pouvez me contacter pour toutes infos compl\u00e9mentaires : contact@arp83.fr <\/strong><\/h3>\n<div id=\"themify_builder_content-1387\" data-postid=\"1387\" class=\"themify_builder_content themify_builder_content-1387 themify_builder\">\n\n    <\/div>\n<!-- \/themify_builder_content -->","protected":false},"excerpt":{"rendered":"<p>Dobson Motoris\u00e9 AlTaz 400 mm FD 5, optiques Mirro-Sph\u00e8re, obstruction 0,16 , araign\u00e9e 3 branches, primaire ventil\u00e9, serrurier carbone, porte oculaire Baader, motorisation Synscan Skywatcher d\u00e9brayable. Le premier test de la motorisation lors de la premi\u00e8re lumi\u00e8re ! Film r\u00e9alis\u00e9 le soir sur Antares et le matin sur la lune apr\u00e8s le lever du soleil [&hellip;]<\/p>\n","protected":false},"author":1,"featured_media":0,"parent":0,"menu_order":0,"comment_status":"closed","ping_status":"closed","template":"","meta":{"footnotes":""},"class_list":["post-1387","page","type-page","status-publish","hentry","has-post-title","has-post-date","has-post-category","has-post-tag","has-post-comment","has-post-author",""],"_links":{"self":[{"href":"https:\/\/arp83.fr\/index.php?rest_route=\/wp\/v2\/pages\/1387","targetHints":{"allow":["GET"]}}],"collection":[{"href":"https:\/\/arp83.fr\/index.php?rest_route=\/wp\/v2\/pages"}],"about":[{"href":"https:\/\/arp83.fr\/index.php?rest_route=\/wp\/v2\/types\/page"}],"author":[{"embeddable":true,"href":"https:\/\/arp83.fr\/index.php?rest_route=\/wp\/v2\/users\/1"}],"replies":[{"embeddable":true,"href":"https:\/\/arp83.fr\/index.php?rest_route=%2Fwp%2Fv2%2Fcomments&post=1387"}],"version-history":[{"count":152,"href":"https:\/\/arp83.fr\/index.php?rest_route=\/wp\/v2\/pages\/1387\/revisions"}],"predecessor-version":[{"id":1638,"href":"https:\/\/arp83.fr\/index.php?rest_route=\/wp\/v2\/pages\/1387\/revisions\/1638"}],"wp:attachment":[{"href":"https:\/\/arp83.fr\/index.php?rest_route=%2Fwp%2Fv2%2Fmedia&parent=1387"}],"curies":[{"name":"wp","href":"https:\/\/api.w.org\/{rel}","templated":true}]}}