{"id":1220,"date":"2022-06-12T11:45:43","date_gmt":"2022-06-12T09:45:43","guid":{"rendered":"https:\/\/arp83.fr\/?page_id=1220"},"modified":"2022-12-28T09:21:04","modified_gmt":"2022-12-28T08:21:04","slug":"cassegrain-et-dall-kirkham","status":"publish","type":"page","link":"https:\/\/arp83.fr\/?page_id=1220","title":{"rendered":"Cassegrain et Dall-Kirkham"},"content":{"rendered":"\n<h3 class=\"has-text-align-center wp-block-heading\"><strong>Cassegrain 515 mm FD8 : Serrurier acier\/carbone, PO Astrophysics 4&Prime;, correcteur ASA 4\u2033, ventilateurs de mise en temp\u00e9rature, queue d&rsquo;aronde 8&Prime;&#8230;<\/strong><\/h3>\n\n\n<div class=\"wp-block-image\">\n<figure class=\"aligncenter size-full\"><img fetchpriority=\"high\" decoding=\"async\" width=\"1100\" height=\"1463\" src=\"https:\/\/arp83.fr\/wp-content\/uploads\/2022\/06\/IMG_20211202_132808_resized_20211203_110509516.jpg\" alt=\"\" class=\"wp-image-1229\" srcset=\"https:\/\/arp83.fr\/wp-content\/uploads\/2022\/06\/IMG_20211202_132808_resized_20211203_110509516.jpg 1100w, https:\/\/arp83.fr\/wp-content\/uploads\/2022\/06\/IMG_20211202_132808_resized_20211203_110509516-226x300.jpg 226w, https:\/\/arp83.fr\/wp-content\/uploads\/2022\/06\/IMG_20211202_132808_resized_20211203_110509516-770x1024.jpg 770w, https:\/\/arp83.fr\/wp-content\/uploads\/2022\/06\/IMG_20211202_132808_resized_20211203_110509516-768x1021.jpg 768w\" sizes=\"(max-width: 1100px) 100vw, 1100px\" \/><\/figure>\n<\/div>\n\n\n<h2 class=\"wp-block-heading\"> <\/h2>\n\n\n<div class=\"wp-block-image\">\n<figure class=\"aligncenter size-full\"><img decoding=\"async\" width=\"1100\" height=\"1791\" src=\"https:\/\/arp83.fr\/wp-content\/uploads\/2020\/06\/IMG_20200606_170909.jpg\" alt=\"\" class=\"wp-image-693\" srcset=\"https:\/\/arp83.fr\/wp-content\/uploads\/2020\/06\/IMG_20200606_170909.jpg 1100w, https:\/\/arp83.fr\/wp-content\/uploads\/2020\/06\/IMG_20200606_170909-184x300.jpg 184w, https:\/\/arp83.fr\/wp-content\/uploads\/2020\/06\/IMG_20200606_170909-629x1024.jpg 629w, https:\/\/arp83.fr\/wp-content\/uploads\/2020\/06\/IMG_20200606_170909-768x1250.jpg 768w, https:\/\/arp83.fr\/wp-content\/uploads\/2020\/06\/IMG_20200606_170909-943x1536.jpg 943w\" sizes=\"(max-width: 1100px) 100vw, 1100px\" \/><\/figure>\n<\/div>\n\n\n<h2 class=\"wp-block-heading\"> <\/h2>\n\n\n<div class=\"wp-block-image\">\n<figure class=\"aligncenter size-full\"><img decoding=\"async\" width=\"1200\" height=\"1194\" src=\"https:\/\/arp83.fr\/wp-content\/uploads\/2020\/07\/IMG_20200701_101909_BURST001_COVER-1.jpg\" alt=\"\" class=\"wp-image-735\" srcset=\"https:\/\/arp83.fr\/wp-content\/uploads\/2020\/07\/IMG_20200701_101909_BURST001_COVER-1.jpg 1200w, https:\/\/arp83.fr\/wp-content\/uploads\/2020\/07\/IMG_20200701_101909_BURST001_COVER-1-300x300.jpg 300w, https:\/\/arp83.fr\/wp-content\/uploads\/2020\/07\/IMG_20200701_101909_BURST001_COVER-1-1024x1019.jpg 1024w, https:\/\/arp83.fr\/wp-content\/uploads\/2020\/07\/IMG_20200701_101909_BURST001_COVER-1-150x150.jpg 150w, https:\/\/arp83.fr\/wp-content\/uploads\/2020\/07\/IMG_20200701_101909_BURST001_COVER-1-768x764.jpg 768w\" sizes=\"(max-width: 1200px) 100vw, 1200px\" \/><\/figure>\n<\/div>\n\n\n<h2 class=\"wp-block-heading\"> <\/h2>\n\n\n<div class=\"wp-block-image\">\n<figure class=\"aligncenter size-full\"><img loading=\"lazy\" decoding=\"async\" width=\"1200\" height=\"1089\" src=\"https:\/\/arp83.fr\/wp-content\/uploads\/2020\/07\/IMG_20200701_102016.jpg\" alt=\"\" class=\"wp-image-736\" srcset=\"https:\/\/arp83.fr\/wp-content\/uploads\/2020\/07\/IMG_20200701_102016.jpg 1200w, https:\/\/arp83.fr\/wp-content\/uploads\/2020\/07\/IMG_20200701_102016-300x272.jpg 300w, https:\/\/arp83.fr\/wp-content\/uploads\/2020\/07\/IMG_20200701_102016-1024x929.jpg 1024w, https:\/\/arp83.fr\/wp-content\/uploads\/2020\/07\/IMG_20200701_102016-768x697.jpg 768w\" sizes=\"(max-width: 1200px) 100vw, 1200px\" \/><\/figure>\n<\/div>\n\n\n<h3 class=\"has-text-align-center wp-block-heading\"><strong>Tube optique Dall-Kirkham 200 FD 16 : optique Zen, obstruction 0.28 , porte oculaire Feather Toutch 2\u2033, queue d\u2019aronde format Vixen, barillet sur rotule, ventilateurs de mise en temp\u00e9rature, poign\u00e9e de transport carbone avec chercheur 6\u00d730 int\u00e9gr\u00e9, baffle central en carbone, pi\u00e8ce en alu anodis\u00e9e noire, poids 10,5 Kg.<\/strong><\/h3>\n\n\n<div class=\"wp-block-image\">\n<figure class=\"aligncenter size-full\"><img loading=\"lazy\" decoding=\"async\" width=\"1200\" height=\"1238\" src=\"https:\/\/arp83.fr\/wp-content\/uploads\/2021\/05\/IMG_20210527_201011.jpg\" alt=\"\" class=\"wp-image-959\" srcset=\"https:\/\/arp83.fr\/wp-content\/uploads\/2021\/05\/IMG_20210527_201011.jpg 1200w, https:\/\/arp83.fr\/wp-content\/uploads\/2021\/05\/IMG_20210527_201011-291x300.jpg 291w, https:\/\/arp83.fr\/wp-content\/uploads\/2021\/05\/IMG_20210527_201011-993x1024.jpg 993w, https:\/\/arp83.fr\/wp-content\/uploads\/2021\/05\/IMG_20210527_201011-768x792.jpg 768w\" sizes=\"(max-width: 1200px) 100vw, 1200px\" \/><\/figure>\n<\/div>\n\n\n<h2 class=\"wp-block-heading\"> <\/h2>\n\n\n<div class=\"wp-block-image\">\n<figure class=\"aligncenter size-full\"><img loading=\"lazy\" decoding=\"async\" width=\"1200\" height=\"1214\" src=\"https:\/\/arp83.fr\/wp-content\/uploads\/2021\/05\/IMG_20210527_200916.jpg\" alt=\"\" class=\"wp-image-960\" srcset=\"https:\/\/arp83.fr\/wp-content\/uploads\/2021\/05\/IMG_20210527_200916.jpg 1200w, https:\/\/arp83.fr\/wp-content\/uploads\/2021\/05\/IMG_20210527_200916-297x300.jpg 297w, https:\/\/arp83.fr\/wp-content\/uploads\/2021\/05\/IMG_20210527_200916-1012x1024.jpg 1012w, https:\/\/arp83.fr\/wp-content\/uploads\/2021\/05\/IMG_20210527_200916-768x777.jpg 768w\" sizes=\"(max-width: 1200px) 100vw, 1200px\" \/><\/figure>\n<\/div>\n\n\n<h2 class=\"wp-block-heading\"> <\/h2>\n\n\n<div class=\"wp-block-image\">\n<figure class=\"aligncenter size-full\"><img loading=\"lazy\" decoding=\"async\" width=\"1200\" height=\"1289\" src=\"https:\/\/arp83.fr\/wp-content\/uploads\/2021\/05\/IMG_20210527_200848.jpg\" alt=\"\" class=\"wp-image-961\" srcset=\"https:\/\/arp83.fr\/wp-content\/uploads\/2021\/05\/IMG_20210527_200848.jpg 1200w, https:\/\/arp83.fr\/wp-content\/uploads\/2021\/05\/IMG_20210527_200848-279x300.jpg 279w, https:\/\/arp83.fr\/wp-content\/uploads\/2021\/05\/IMG_20210527_200848-953x1024.jpg 953w, https:\/\/arp83.fr\/wp-content\/uploads\/2021\/05\/IMG_20210527_200848-768x825.jpg 768w\" sizes=\"(max-width: 1200px) 100vw, 1200px\" \/><\/figure>\n<\/div>\n\n\n<h2 class=\"wp-block-heading\"> <\/h2>\n\n\n<div class=\"wp-block-image\">\n<figure class=\"aligncenter size-full\"><img loading=\"lazy\" decoding=\"async\" width=\"1200\" height=\"1196\" src=\"https:\/\/arp83.fr\/wp-content\/uploads\/2021\/05\/IMG_20210526_205739.jpg\" alt=\"\" class=\"wp-image-962\" srcset=\"https:\/\/arp83.fr\/wp-content\/uploads\/2021\/05\/IMG_20210526_205739.jpg 1200w, https:\/\/arp83.fr\/wp-content\/uploads\/2021\/05\/IMG_20210526_205739-300x300.jpg 300w, https:\/\/arp83.fr\/wp-content\/uploads\/2021\/05\/IMG_20210526_205739-1024x1021.jpg 1024w, https:\/\/arp83.fr\/wp-content\/uploads\/2021\/05\/IMG_20210526_205739-150x150.jpg 150w, https:\/\/arp83.fr\/wp-content\/uploads\/2021\/05\/IMG_20210526_205739-768x765.jpg 768w\" sizes=\"(max-width: 1200px) 100vw, 1200px\" \/><\/figure>\n<\/div>\n\n\n<h2 class=\"wp-block-heading\"> <\/h2>\n\n\n<div class=\"wp-block-image\">\n<figure class=\"aligncenter size-full\"><img loading=\"lazy\" decoding=\"async\" width=\"1200\" height=\"1176\" src=\"https:\/\/arp83.fr\/wp-content\/uploads\/2021\/05\/IMG_20210526_205757-1.jpg\" alt=\"\" class=\"wp-image-981\" srcset=\"https:\/\/arp83.fr\/wp-content\/uploads\/2021\/05\/IMG_20210526_205757-1.jpg 1200w, https:\/\/arp83.fr\/wp-content\/uploads\/2021\/05\/IMG_20210526_205757-1-300x294.jpg 300w, https:\/\/arp83.fr\/wp-content\/uploads\/2021\/05\/IMG_20210526_205757-1-1024x1004.jpg 1024w, https:\/\/arp83.fr\/wp-content\/uploads\/2021\/05\/IMG_20210526_205757-1-768x753.jpg 768w\" sizes=\"(max-width: 1200px) 100vw, 1200px\" \/><\/figure>\n<\/div>\n\n\n<h3 class=\"has-text-align-center wp-block-heading\"><strong>Cassegrain 300 mm, structure serrurier acier\/alu<\/strong><\/h3>\n\n\n<div class=\"wp-block-image\">\n<figure class=\"aligncenter size-full\"><img loading=\"lazy\" decoding=\"async\" width=\"1100\" height=\"1430\" src=\"https:\/\/arp83.fr\/wp-content\/uploads\/2019\/07\/IMG_20190706_203256.jpg\" alt=\"\" class=\"wp-image-428\" srcset=\"https:\/\/arp83.fr\/wp-content\/uploads\/2019\/07\/IMG_20190706_203256.jpg 1100w, https:\/\/arp83.fr\/wp-content\/uploads\/2019\/07\/IMG_20190706_203256-231x300.jpg 231w, https:\/\/arp83.fr\/wp-content\/uploads\/2019\/07\/IMG_20190706_203256-768x998.jpg 768w, https:\/\/arp83.fr\/wp-content\/uploads\/2019\/07\/IMG_20190706_203256-788x1024.jpg 788w\" sizes=\"(max-width: 1100px) 100vw, 1100px\" \/><\/figure>\n<\/div>\n\n\n<h2 class=\"wp-block-heading\"> <\/h2>\n\n\n<div class=\"wp-block-image\">\n<figure class=\"aligncenter size-full\"><img loading=\"lazy\" decoding=\"async\" width=\"1000\" height=\"1100\" src=\"https:\/\/arp83.fr\/wp-content\/uploads\/2018\/05\/IMG_20180510_173902.jpg\" alt=\"\" class=\"wp-image-301\" srcset=\"https:\/\/arp83.fr\/wp-content\/uploads\/2018\/05\/IMG_20180510_173902.jpg 1000w, https:\/\/arp83.fr\/wp-content\/uploads\/2018\/05\/IMG_20180510_173902-273x300.jpg 273w, https:\/\/arp83.fr\/wp-content\/uploads\/2018\/05\/IMG_20180510_173902-768x845.jpg 768w, https:\/\/arp83.fr\/wp-content\/uploads\/2018\/05\/IMG_20180510_173902-931x1024.jpg 931w\" sizes=\"(max-width: 1000px) 100vw, 1000px\" \/><\/figure>\n<\/div><div id=\"themify_builder_content-1220\" data-postid=\"1220\" class=\"themify_builder_content themify_builder_content-1220 themify_builder\">\n\n    <\/div>\n<!-- \/themify_builder_content -->","protected":false},"excerpt":{"rendered":"<p>Cassegrain 515 mm FD8 : Serrurier acier\/carbone, PO Astrophysics 4&Prime;, correcteur ASA 4\u2033, ventilateurs de mise en temp\u00e9rature, queue d&rsquo;aronde 8&Prime;&#8230; Tube optique Dall-Kirkham 200 FD 16 : optique Zen, obstruction 0.28 , porte oculaire Feather Toutch 2\u2033, queue d\u2019aronde format Vixen, barillet sur rotule, ventilateurs de mise en temp\u00e9rature, poign\u00e9e de transport carbone avec [&hellip;]<\/p>\n","protected":false},"author":1,"featured_media":0,"parent":0,"menu_order":0,"comment_status":"closed","ping_status":"closed","template":"","meta":{"footnotes":""},"class_list":["post-1220","page","type-page","status-publish","hentry","has-post-title","has-post-date","has-post-category","has-post-tag","has-post-comment","has-post-author",""],"_links":{"self":[{"href":"https:\/\/arp83.fr\/index.php?rest_route=\/wp\/v2\/pages\/1220","targetHints":{"allow":["GET"]}}],"collection":[{"href":"https:\/\/arp83.fr\/index.php?rest_route=\/wp\/v2\/pages"}],"about":[{"href":"https:\/\/arp83.fr\/index.php?rest_route=\/wp\/v2\/types\/page"}],"author":[{"embeddable":true,"href":"https:\/\/arp83.fr\/index.php?rest_route=\/wp\/v2\/users\/1"}],"replies":[{"embeddable":true,"href":"https:\/\/arp83.fr\/index.php?rest_route=%2Fwp%2Fv2%2Fcomments&post=1220"}],"version-history":[{"count":14,"href":"https:\/\/arp83.fr\/index.php?rest_route=\/wp\/v2\/pages\/1220\/revisions"}],"predecessor-version":[{"id":1359,"href":"https:\/\/arp83.fr\/index.php?rest_route=\/wp\/v2\/pages\/1220\/revisions\/1359"}],"wp:attachment":[{"href":"https:\/\/arp83.fr\/index.php?rest_route=%2Fwp%2Fv2%2Fmedia&parent=1220"}],"curies":[{"name":"wp","href":"https:\/\/api.w.org\/{rel}","templated":true}]}}