{"id":1181,"date":"2022-06-12T10:50:02","date_gmt":"2022-06-12T08:50:02","guid":{"rendered":"https:\/\/arp83.fr\/?page_id=1181"},"modified":"2022-06-13T14:38:23","modified_gmt":"2022-06-13T12:38:23","slug":"colonne-acier","status":"publish","type":"page","link":"https:\/\/arp83.fr\/?page_id=1181","title":{"rendered":"Colonne Acier"},"content":{"rendered":"\n<h3 class=\"has-text-align-center wp-block-heading\"><strong>Colonne en acier de 273 mm de diam\u00e8tre pour 1m de hauteur, avec sa platine AP1612FSA pour l\u2019installation d\u2019une monture Astrophysics 1600 en poste fixe.<\/strong><\/h3>\n\n\n<div class=\"wp-block-image\">\n<figure class=\"aligncenter size-full\"><img fetchpriority=\"high\" decoding=\"async\" width=\"1200\" height=\"800\" src=\"https:\/\/arp83.fr\/wp-content\/uploads\/2020\/04\/colonne273mm.jpg\" alt=\"\" class=\"wp-image-556\" srcset=\"https:\/\/arp83.fr\/wp-content\/uploads\/2020\/04\/colonne273mm.jpg 1200w, https:\/\/arp83.fr\/wp-content\/uploads\/2020\/04\/colonne273mm-300x200.jpg 300w, https:\/\/arp83.fr\/wp-content\/uploads\/2020\/04\/colonne273mm-1024x683.jpg 1024w, https:\/\/arp83.fr\/wp-content\/uploads\/2020\/04\/colonne273mm-768x512.jpg 768w\" sizes=\"(max-width: 1200px) 100vw, 1200px\" \/><\/figure>\n<\/div>\n\n\n<h3 class=\"has-text-align-center wp-block-heading\"><strong>Colonne en acier de 194 mm de diam\u00e8tre, avec sa platine r\u00e9alis\u00e9e sur mesure pour accueillir une Taka EM400.<\/strong><\/h3>\n\n\n<div class=\"wp-block-image\">\n<figure class=\"aligncenter size-full\"><img decoding=\"async\" width=\"1300\" height=\"727\" src=\"https:\/\/arp83.fr\/wp-content\/uploads\/2018\/07\/colonne194mm.jpg\" alt=\"\" class=\"wp-image-316\" srcset=\"https:\/\/arp83.fr\/wp-content\/uploads\/2018\/07\/colonne194mm.jpg 1300w, https:\/\/arp83.fr\/wp-content\/uploads\/2018\/07\/colonne194mm-300x168.jpg 300w, https:\/\/arp83.fr\/wp-content\/uploads\/2018\/07\/colonne194mm-768x429.jpg 768w, https:\/\/arp83.fr\/wp-content\/uploads\/2018\/07\/colonne194mm-1024x573.jpg 1024w\" sizes=\"(max-width: 1300px) 100vw, 1300px\" \/><\/figure>\n<\/div>\n\n\n<h3 class=\"has-text-align-center wp-block-heading\"><strong>Platine en acier 15 mm avec boulon inox M18 + platine en alu 25 mm + platine d\u2019adaptation pour installer une AP1200 sur une colonne en b\u00e9ton.<\/strong><\/h3>\n\n\n<div class=\"wp-block-image\">\n<figure class=\"aligncenter size-full\"><img decoding=\"async\" width=\"1400\" height=\"492\" src=\"https:\/\/arp83.fr\/wp-content\/uploads\/2018\/12\/platineAP1200.jpg\" alt=\"\" class=\"wp-image-358\" srcset=\"https:\/\/arp83.fr\/wp-content\/uploads\/2018\/12\/platineAP1200.jpg 1400w, https:\/\/arp83.fr\/wp-content\/uploads\/2018\/12\/platineAP1200-300x105.jpg 300w, https:\/\/arp83.fr\/wp-content\/uploads\/2018\/12\/platineAP1200-768x270.jpg 768w, https:\/\/arp83.fr\/wp-content\/uploads\/2018\/12\/platineAP1200-1024x360.jpg 1024w\" sizes=\"(max-width: 1400px) 100vw, 1400px\" \/><\/figure>\n<\/div>\n\n\n<h3 class=\"has-text-align-center wp-block-heading\"><strong>Colonne en acier de 330 mm de diam\u00e8tre<\/strong>&#8230;<\/h3>\n\n\n<div class=\"wp-block-image\">\n<figure class=\"aligncenter size-full\"><img loading=\"lazy\" decoding=\"async\" width=\"1100\" height=\"998\" src=\"https:\/\/arp83.fr\/wp-content\/uploads\/2018\/03\/colonne2.jpg\" alt=\"\" class=\"wp-image-92\" srcset=\"https:\/\/arp83.fr\/wp-content\/uploads\/2018\/03\/colonne2.jpg 1100w, https:\/\/arp83.fr\/wp-content\/uploads\/2018\/03\/colonne2-300x272.jpg 300w, https:\/\/arp83.fr\/wp-content\/uploads\/2018\/03\/colonne2-768x697.jpg 768w, https:\/\/arp83.fr\/wp-content\/uploads\/2018\/03\/colonne2-1024x929.jpg 1024w\" sizes=\"(max-width: 1100px) 100vw, 1100px\" \/><\/figure>\n<\/div>\n\n\n<h3 class=\"has-text-align-center wp-block-heading\"><strong>&#8230; et installation d\u2019une GM4000 de 120 Kg sur la colonne.<\/strong><\/h3>\n\n\n<div class=\"wp-block-image\">\n<figure class=\"aligncenter size-full\"><img loading=\"lazy\" decoding=\"async\" width=\"1100\" height=\"1100\" src=\"https:\/\/arp83.fr\/wp-content\/uploads\/2018\/03\/colonne_GM4000.jpg\" alt=\"\" class=\"wp-image-131\" srcset=\"https:\/\/arp83.fr\/wp-content\/uploads\/2018\/03\/colonne_GM4000.jpg 1100w, https:\/\/arp83.fr\/wp-content\/uploads\/2018\/03\/colonne_GM4000-150x150.jpg 150w, https:\/\/arp83.fr\/wp-content\/uploads\/2018\/03\/colonne_GM4000-300x300.jpg 300w, https:\/\/arp83.fr\/wp-content\/uploads\/2018\/03\/colonne_GM4000-768x768.jpg 768w, https:\/\/arp83.fr\/wp-content\/uploads\/2018\/03\/colonne_GM4000-1024x1024.jpg 1024w\" sizes=\"(max-width: 1100px) 100vw, 1100px\" \/><\/figure>\n<\/div><div id=\"themify_builder_content-1181\" data-postid=\"1181\" class=\"themify_builder_content themify_builder_content-1181 themify_builder\">\n\n    <\/div>\n<!-- \/themify_builder_content -->","protected":false},"excerpt":{"rendered":"<p>Colonne en acier de 273 mm de diam\u00e8tre pour 1m de hauteur, avec sa platine AP1612FSA pour l\u2019installation d\u2019une monture Astrophysics 1600 en poste fixe. Colonne en acier de 194 mm de diam\u00e8tre, avec sa platine r\u00e9alis\u00e9e sur mesure pour accueillir une Taka EM400. Platine en acier 15 mm avec boulon inox M18 + platine [&hellip;]<\/p>\n","protected":false},"author":1,"featured_media":0,"parent":0,"menu_order":0,"comment_status":"closed","ping_status":"closed","template":"","meta":{"footnotes":""},"class_list":["post-1181","page","type-page","status-publish","hentry","has-post-title","has-post-date","has-post-category","has-post-tag","has-post-comment","has-post-author",""],"_links":{"self":[{"href":"https:\/\/arp83.fr\/index.php?rest_route=\/wp\/v2\/pages\/1181","targetHints":{"allow":["GET"]}}],"collection":[{"href":"https:\/\/arp83.fr\/index.php?rest_route=\/wp\/v2\/pages"}],"about":[{"href":"https:\/\/arp83.fr\/index.php?rest_route=\/wp\/v2\/types\/page"}],"author":[{"embeddable":true,"href":"https:\/\/arp83.fr\/index.php?rest_route=\/wp\/v2\/users\/1"}],"replies":[{"embeddable":true,"href":"https:\/\/arp83.fr\/index.php?rest_route=%2Fwp%2Fv2%2Fcomments&post=1181"}],"version-history":[{"count":4,"href":"https:\/\/arp83.fr\/index.php?rest_route=\/wp\/v2\/pages\/1181\/revisions"}],"predecessor-version":[{"id":1252,"href":"https:\/\/arp83.fr\/index.php?rest_route=\/wp\/v2\/pages\/1181\/revisions\/1252"}],"wp:attachment":[{"href":"https:\/\/arp83.fr\/index.php?rest_route=%2Fwp%2Fv2%2Fmedia&parent=1181"}],"curies":[{"name":"wp","href":"https:\/\/api.w.org\/{rel}","templated":true}]}}