{"id":1166,"date":"2022-06-12T10:34:36","date_gmt":"2022-06-12T08:34:36","guid":{"rendered":"https:\/\/arp83.fr\/?page_id=1166"},"modified":"2022-12-28T09:22:23","modified_gmt":"2022-12-28T08:22:23","slug":"lunettes","status":"publish","type":"page","link":"https:\/\/arp83.fr\/?page_id=1166","title":{"rendered":"Lunettes"},"content":{"rendered":"\n<h3 class=\"has-text-align-center wp-block-heading\"><strong>Lunette solaire Istar 150 mm FD 10<\/strong><\/h3>\n\n\n<div class=\"wp-block-image\">\n<figure class=\"aligncenter size-full\"><img fetchpriority=\"high\" decoding=\"async\" width=\"1200\" height=\"1066\" src=\"https:\/\/arp83.fr\/wp-content\/uploads\/2022\/06\/IMG_20220608_101632.jpg\" alt=\"\" class=\"wp-image-1155\" srcset=\"https:\/\/arp83.fr\/wp-content\/uploads\/2022\/06\/IMG_20220608_101632.jpg 1200w, https:\/\/arp83.fr\/wp-content\/uploads\/2022\/06\/IMG_20220608_101632-300x267.jpg 300w, https:\/\/arp83.fr\/wp-content\/uploads\/2022\/06\/IMG_20220608_101632-1024x910.jpg 1024w, https:\/\/arp83.fr\/wp-content\/uploads\/2022\/06\/IMG_20220608_101632-768x682.jpg 768w\" sizes=\"(max-width: 1200px) 100vw, 1200px\" \/><\/figure>\n<\/div>\n\n\n<h2 class=\"wp-block-heading\"> <\/h2>\n\n\n<div class=\"wp-block-image\">\n<figure class=\"aligncenter size-full\"><img decoding=\"async\" width=\"1200\" height=\"828\" src=\"https:\/\/arp83.fr\/wp-content\/uploads\/2022\/06\/IMG_20220608_101624.jpg\" alt=\"\" class=\"wp-image-1156\" srcset=\"https:\/\/arp83.fr\/wp-content\/uploads\/2022\/06\/IMG_20220608_101624.jpg 1200w, https:\/\/arp83.fr\/wp-content\/uploads\/2022\/06\/IMG_20220608_101624-300x207.jpg 300w, https:\/\/arp83.fr\/wp-content\/uploads\/2022\/06\/IMG_20220608_101624-1024x707.jpg 1024w, https:\/\/arp83.fr\/wp-content\/uploads\/2022\/06\/IMG_20220608_101624-768x530.jpg 768w\" sizes=\"(max-width: 1200px) 100vw, 1200px\" \/><\/figure>\n<\/div>\n\n\n<h2 class=\"wp-block-heading\"> <\/h2>\n\n\n<div class=\"wp-block-image\">\n<figure class=\"aligncenter size-full\"><img decoding=\"async\" width=\"1200\" height=\"581\" src=\"https:\/\/arp83.fr\/wp-content\/uploads\/2022\/06\/IMG_20220608_101727.jpg\" alt=\"\" class=\"wp-image-1157\" srcset=\"https:\/\/arp83.fr\/wp-content\/uploads\/2022\/06\/IMG_20220608_101727.jpg 1200w, https:\/\/arp83.fr\/wp-content\/uploads\/2022\/06\/IMG_20220608_101727-300x145.jpg 300w, https:\/\/arp83.fr\/wp-content\/uploads\/2022\/06\/IMG_20220608_101727-1024x496.jpg 1024w, https:\/\/arp83.fr\/wp-content\/uploads\/2022\/06\/IMG_20220608_101727-768x372.jpg 768w\" sizes=\"(max-width: 1200px) 100vw, 1200px\" \/><\/figure>\n<\/div>\n\n\n<h3 class=\"has-text-align-center wp-block-heading\"><strong>Assemblage d\u2019une lunette \u00e0 partir d\u2019une optique LZOS 150 FD6.<\/strong> <strong>Tube alu usin\u00e9 et anodis\u00e9 en noir, PO de luxe APM.<\/strong><\/h3>\n\n\n<div class=\"wp-block-image\">\n<figure class=\"aligncenter size-full\"><img loading=\"lazy\" decoding=\"async\" width=\"1200\" height=\"1041\" src=\"https:\/\/arp83.fr\/wp-content\/uploads\/2021\/05\/IMG_20210328_160746-1.jpg\" alt=\"\" class=\"wp-image-900\" srcset=\"https:\/\/arp83.fr\/wp-content\/uploads\/2021\/05\/IMG_20210328_160746-1.jpg 1200w, https:\/\/arp83.fr\/wp-content\/uploads\/2021\/05\/IMG_20210328_160746-1-300x260.jpg 300w, https:\/\/arp83.fr\/wp-content\/uploads\/2021\/05\/IMG_20210328_160746-1-1024x888.jpg 1024w, https:\/\/arp83.fr\/wp-content\/uploads\/2021\/05\/IMG_20210328_160746-1-768x666.jpg 768w\" sizes=\"(max-width: 1200px) 100vw, 1200px\" \/><\/figure>\n<\/div>\n\n\n<h2 class=\"wp-block-heading\"> <\/h2>\n\n\n<div class=\"wp-block-image\">\n<figure class=\"aligncenter size-full\"><img loading=\"lazy\" decoding=\"async\" width=\"1200\" height=\"848\" src=\"https:\/\/arp83.fr\/wp-content\/uploads\/2021\/05\/IMG_20210328_160804.jpg\" alt=\"\" class=\"wp-image-901\" srcset=\"https:\/\/arp83.fr\/wp-content\/uploads\/2021\/05\/IMG_20210328_160804.jpg 1200w, https:\/\/arp83.fr\/wp-content\/uploads\/2021\/05\/IMG_20210328_160804-300x212.jpg 300w, https:\/\/arp83.fr\/wp-content\/uploads\/2021\/05\/IMG_20210328_160804-1024x724.jpg 1024w, https:\/\/arp83.fr\/wp-content\/uploads\/2021\/05\/IMG_20210328_160804-768x543.jpg 768w\" sizes=\"(max-width: 1200px) 100vw, 1200px\" \/><\/figure>\n<\/div>\n\n\n<h3 class=\"has-text-align-center wp-block-heading\"><strong>Assemblage d\u2019une lunette Clav\u00e9 80\/1200<\/strong><\/h3>\n\n\n<div class=\"wp-block-image\">\n<figure class=\"aligncenter size-full\"><img loading=\"lazy\" decoding=\"async\" width=\"1200\" height=\"847\" src=\"https:\/\/arp83.fr\/wp-content\/uploads\/2019\/02\/clav\u00e91-1.jpg\" alt=\"\" class=\"wp-image-369\" srcset=\"https:\/\/arp83.fr\/wp-content\/uploads\/2019\/02\/clav\u00e91-1.jpg 1200w, https:\/\/arp83.fr\/wp-content\/uploads\/2019\/02\/clav\u00e91-1-300x212.jpg 300w, https:\/\/arp83.fr\/wp-content\/uploads\/2019\/02\/clav\u00e91-1-768x542.jpg 768w, https:\/\/arp83.fr\/wp-content\/uploads\/2019\/02\/clav\u00e91-1-1024x723.jpg 1024w\" sizes=\"(max-width: 1200px) 100vw, 1200px\" \/><\/figure>\n<\/div>\n\n\n<h2 class=\"wp-block-heading\"> <\/h2>\n\n\n<div class=\"wp-block-image\">\n<figure class=\"aligncenter size-full\"><img loading=\"lazy\" decoding=\"async\" width=\"1200\" height=\"702\" src=\"https:\/\/arp83.fr\/wp-content\/uploads\/2019\/02\/clav\u00e92.jpg\" alt=\"\" class=\"wp-image-371\" srcset=\"https:\/\/arp83.fr\/wp-content\/uploads\/2019\/02\/clav\u00e92.jpg 1200w, https:\/\/arp83.fr\/wp-content\/uploads\/2019\/02\/clav\u00e92-300x176.jpg 300w, https:\/\/arp83.fr\/wp-content\/uploads\/2019\/02\/clav\u00e92-768x449.jpg 768w, https:\/\/arp83.fr\/wp-content\/uploads\/2019\/02\/clav\u00e92-1024x599.jpg 1024w\" sizes=\"(max-width: 1200px) 100vw, 1200px\" \/><\/figure>\n<\/div>\n\n\n<h3 class=\"has-text-align-center wp-block-heading\"><strong>Construction d\u2019une lunette 150 mm FD15<\/strong> : <strong>doublet Istar 150 FD 15, tube en alu de 160 mm de diam\u00e8tre pour 1950 mm de long et 2 mm d\u2019\u00e9paisseur , tube \u00e9quip\u00e9 de baffles internes et d\u2019un PO 3\u2033.<\/strong><\/h3>\n\n\n<div class=\"wp-block-image\">\n<figure class=\"aligncenter size-full\"><img loading=\"lazy\" decoding=\"async\" width=\"1000\" height=\"935\" src=\"https:\/\/arp83.fr\/wp-content\/uploads\/2018\/03\/IMGP1182.jpg\" alt=\"\" class=\"wp-image-222\" srcset=\"https:\/\/arp83.fr\/wp-content\/uploads\/2018\/03\/IMGP1182.jpg 1000w, https:\/\/arp83.fr\/wp-content\/uploads\/2018\/03\/IMGP1182-300x281.jpg 300w, https:\/\/arp83.fr\/wp-content\/uploads\/2018\/03\/IMGP1182-768x718.jpg 768w\" sizes=\"(max-width: 1000px) 100vw, 1000px\" \/><\/figure>\n<\/div>\n\n\n<h2 class=\"wp-block-heading\"> <\/h2>\n\n\n<div class=\"wp-block-image\">\n<figure class=\"aligncenter size-full\"><img loading=\"lazy\" decoding=\"async\" width=\"1000\" height=\"989\" src=\"https:\/\/arp83.fr\/wp-content\/uploads\/2018\/03\/IMGP1183.jpg\" alt=\"\" class=\"wp-image-223\" srcset=\"https:\/\/arp83.fr\/wp-content\/uploads\/2018\/03\/IMGP1183.jpg 1000w, https:\/\/arp83.fr\/wp-content\/uploads\/2018\/03\/IMGP1183-300x297.jpg 300w, https:\/\/arp83.fr\/wp-content\/uploads\/2018\/03\/IMGP1183-768x760.jpg 768w\" sizes=\"(max-width: 1000px) 100vw, 1000px\" \/><\/figure>\n<\/div>\n\n\n<h2 class=\"wp-block-heading\"> <\/h2>\n\n\n<div class=\"wp-block-image\">\n<figure class=\"aligncenter size-full\"><img loading=\"lazy\" decoding=\"async\" width=\"1000\" height=\"665\" src=\"https:\/\/arp83.fr\/wp-content\/uploads\/2018\/03\/IMGP1179.jpg\" alt=\"\" class=\"wp-image-224\" srcset=\"https:\/\/arp83.fr\/wp-content\/uploads\/2018\/03\/IMGP1179.jpg 1000w, https:\/\/arp83.fr\/wp-content\/uploads\/2018\/03\/IMGP1179-300x200.jpg 300w, https:\/\/arp83.fr\/wp-content\/uploads\/2018\/03\/IMGP1179-768x511.jpg 768w\" sizes=\"(max-width: 1000px) 100vw, 1000px\" \/><\/figure>\n<\/div>\n\n\n<h2 class=\"wp-block-heading\"> <\/h2>\n\n\n<div class=\"wp-block-image\">\n<figure class=\"aligncenter size-full\"><img loading=\"lazy\" decoding=\"async\" width=\"1000\" height=\"989\" src=\"https:\/\/arp83.fr\/wp-content\/uploads\/2018\/03\/IMGP1183.jpg\" alt=\"\" class=\"wp-image-223\" srcset=\"https:\/\/arp83.fr\/wp-content\/uploads\/2018\/03\/IMGP1183.jpg 1000w, https:\/\/arp83.fr\/wp-content\/uploads\/2018\/03\/IMGP1183-300x297.jpg 300w, https:\/\/arp83.fr\/wp-content\/uploads\/2018\/03\/IMGP1183-768x760.jpg 768w\" sizes=\"(max-width: 1000px) 100vw, 1000px\" \/><\/figure>\n<\/div><div id=\"themify_builder_content-1166\" data-postid=\"1166\" class=\"themify_builder_content themify_builder_content-1166 themify_builder\">\n\n    <\/div>\n<!-- \/themify_builder_content -->","protected":false},"excerpt":{"rendered":"<p>Lunette solaire Istar 150 mm FD 10 Assemblage d\u2019une lunette \u00e0 partir d\u2019une optique LZOS 150 FD6. Tube alu usin\u00e9 et anodis\u00e9 en noir, PO de luxe APM. Assemblage d\u2019une lunette Clav\u00e9 80\/1200 Construction d\u2019une lunette 150 mm FD15 : doublet Istar 150 FD 15, tube en alu de 160 mm de diam\u00e8tre pour 1950 [&hellip;]<\/p>\n","protected":false},"author":1,"featured_media":0,"parent":0,"menu_order":0,"comment_status":"closed","ping_status":"closed","template":"","meta":{"footnotes":""},"class_list":["post-1166","page","type-page","status-publish","hentry","has-post-title","has-post-date","has-post-category","has-post-tag","has-post-comment","has-post-author",""],"_links":{"self":[{"href":"https:\/\/arp83.fr\/index.php?rest_route=\/wp\/v2\/pages\/1166","targetHints":{"allow":["GET"]}}],"collection":[{"href":"https:\/\/arp83.fr\/index.php?rest_route=\/wp\/v2\/pages"}],"about":[{"href":"https:\/\/arp83.fr\/index.php?rest_route=\/wp\/v2\/types\/page"}],"author":[{"embeddable":true,"href":"https:\/\/arp83.fr\/index.php?rest_route=\/wp\/v2\/users\/1"}],"replies":[{"embeddable":true,"href":"https:\/\/arp83.fr\/index.php?rest_route=%2Fwp%2Fv2%2Fcomments&post=1166"}],"version-history":[{"count":16,"href":"https:\/\/arp83.fr\/index.php?rest_route=\/wp\/v2\/pages\/1166\/revisions"}],"predecessor-version":[{"id":1361,"href":"https:\/\/arp83.fr\/index.php?rest_route=\/wp\/v2\/pages\/1166\/revisions\/1361"}],"wp:attachment":[{"href":"https:\/\/arp83.fr\/index.php?rest_route=%2Fwp%2Fv2%2Fmedia&parent=1166"}],"curies":[{"name":"wp","href":"https:\/\/api.w.org\/{rel}","templated":true}]}}